{"id":364054,"date":"2022-05-07T03:37:09","date_gmt":"2022-05-07T01:37:09","guid":{"rendered":"https:\/\/silver-line.hu\/?page_id=364054"},"modified":"2022-05-21T10:57:00","modified_gmt":"2022-05-21T08:57:00","slug":"abendessen-kreuzfahrt-mit-folklore-operette-show","status":"publish","type":"page","link":"https:\/\/silver-line.hu\/de\/abendessen-kreuzfahrt-mit-folklore-operette-show\/","title":{"rendered":"Abendessen Schifffahrt mit Folklore Operette Show"},"content":{"rendered":"","protected":false},"excerpt":{"rendered":"","protected":false},"author":1,"featured_media":0,"parent":0,"menu_order":0,"comment_status":"closed","ping_status":"closed","template":"","meta":{"footnotes":""},"yoast_head":"<!-- This site is optimized with the Yoast SEO plugin v23.9 - https:\/\/yoast.com\/wordpress\/plugins\/seo\/ -->\n<title>Abendessen Schifffahrt mit Folklore Operette Show - Silverline Cruises<\/title>\n<meta name=\"description\" content=\"Schifffahrt Budapest mit l\u00e4dt Sie ein, die einzigartige Welt der ungarischen Folklore und Tanz mit Abendessen zu genie\u00dfen.W\u00e4hlen Sie unsere Budapest Kreuzfahrt, um ein Abendessen mit Budapest Besichtigung zu bekommen! Wir bieten f\u00fcr jeden, der mehr \u00fcber die ungarische Kultur erfahren m\u00f6chte.\" \/>\n<meta name=\"robots\" content=\"index, follow, max-snippet:-1, max-image-preview:large, max-video-preview:-1\" \/>\n<link rel=\"canonical\" href=\"https:\/\/silver-line.hu\/de\/abendessen-kreuzfahrt-mit-folklore-operette-show\/\" \/>\n<meta property=\"og:locale\" content=\"de_DE\" \/>\n<meta property=\"og:type\" content=\"article\" \/>\n<meta property=\"og:title\" content=\"Abendessen Schifffahrt mit Folklore Operette Show - Silverline Cruises\" \/>\n<meta property=\"og:description\" content=\"Schifffahrt Budapest mit l\u00e4dt Sie ein, die einzigartige Welt der ungarischen Folklore und Tanz mit Abendessen zu genie\u00dfen.W\u00e4hlen Sie unsere Budapest Kreuzfahrt, um ein Abendessen mit Budapest Besichtigung zu bekommen! Wir bieten f\u00fcr jeden, der mehr \u00fcber die ungarische Kultur erfahren m\u00f6chte.\" \/>\n<meta property=\"og:url\" content=\"https:\/\/silver-line.hu\/de\/abendessen-kreuzfahrt-mit-folklore-operette-show\/\" \/>\n<meta property=\"og:site_name\" content=\"Silverline Cruises\" \/>\n<meta property=\"article:publisher\" content=\"https:\/\/www.facebook.com\/budapestrivercruise\" \/>\n<meta property=\"article:modified_time\" content=\"2022-05-21T08:57:00+00:00\" \/>\n<meta property=\"og:image\" content=\"https:\/\/silver-line.hu\/wp-content\/uploads\/2022\/05\/Silverline-Cruises-1-1.webp\" \/>\n\t<meta property=\"og:image:width\" content=\"500\" \/>\n\t<meta property=\"og:image:height\" content=\"205\" \/>\n\t<meta property=\"og:image:type\" content=\"image\/webp\" \/>\n<script type=\"application\/ld+json\" class=\"yoast-schema-graph\">{\"@context\":\"https:\/\/schema.org\",\"@graph\":[{\"@type\":\"WebPage\",\"@id\":\"https:\/\/silver-line.hu\/de\/abendessen-kreuzfahrt-mit-folklore-operette-show\/\",\"url\":\"https:\/\/silver-line.hu\/de\/abendessen-kreuzfahrt-mit-folklore-operette-show\/\",\"name\":\"Abendessen Schifffahrt mit Folklore Operette Show - Silverline Cruises\",\"isPartOf\":{\"@id\":\"https:\/\/silver-line.hu\/de\/#website\"},\"datePublished\":\"2022-05-07T01:37:09+00:00\",\"dateModified\":\"2022-05-21T08:57:00+00:00\",\"description\":\"Schifffahrt Budapest mit l\u00e4dt Sie ein, die einzigartige Welt der ungarischen Folklore und Tanz mit Abendessen zu genie\u00dfen.W\u00e4hlen Sie unsere Budapest Kreuzfahrt, um ein Abendessen mit Budapest Besichtigung zu bekommen! Wir bieten f\u00fcr jeden, der mehr \u00fcber die ungarische Kultur erfahren m\u00f6chte.\",\"breadcrumb\":{\"@id\":\"https:\/\/silver-line.hu\/de\/abendessen-kreuzfahrt-mit-folklore-operette-show\/#breadcrumb\"},\"inLanguage\":\"de\",\"potentialAction\":[{\"@type\":\"ReadAction\",\"target\":[\"https:\/\/silver-line.hu\/de\/abendessen-kreuzfahrt-mit-folklore-operette-show\/\"]}]},{\"@type\":\"BreadcrumbList\",\"@id\":\"https:\/\/silver-line.hu\/de\/abendessen-kreuzfahrt-mit-folklore-operette-show\/#breadcrumb\",\"itemListElement\":[{\"@type\":\"ListItem\",\"position\":1,\"name\":\"Home\",\"item\":\"https:\/\/silver-line.hu\/de\/\"},{\"@type\":\"ListItem\",\"position\":2,\"name\":\"Abendessen Schifffahrt mit Folklore Operette Show\"}]},{\"@type\":\"WebSite\",\"@id\":\"https:\/\/silver-line.hu\/de\/#website\",\"url\":\"https:\/\/silver-line.hu\/de\/\",\"name\":\"Silverline Cruises kft.\",\"description\":\"\",\"publisher\":{\"@id\":\"https:\/\/silver-line.hu\/de\/#organization\"},\"potentialAction\":[{\"@type\":\"SearchAction\",\"target\":{\"@type\":\"EntryPoint\",\"urlTemplate\":\"https:\/\/silver-line.hu\/de\/?s={search_term_string}\"},\"query-input\":{\"@type\":\"PropertyValueSpecification\",\"valueRequired\":true,\"valueName\":\"search_term_string\"}}],\"inLanguage\":\"de\"},{\"@type\":\"Organization\",\"@id\":\"https:\/\/silver-line.hu\/de\/#organization\",\"name\":\"Silverline Cruises kft.\",\"url\":\"https:\/\/silver-line.hu\/de\/\",\"logo\":{\"@type\":\"ImageObject\",\"inLanguage\":\"de\",\"@id\":\"https:\/\/silver-line.hu\/de\/#\/schema\/logo\/image\/\",\"url\":\"https:\/\/silver-line.hu\/wp-content\/uploads\/2022\/05\/cropped-cropped-icon-1.webp\",\"contentUrl\":\"https:\/\/silver-line.hu\/wp-content\/uploads\/2022\/05\/cropped-cropped-icon-1.webp\",\"width\":512,\"height\":512,\"caption\":\"Silverline Cruises kft.\"},\"image\":{\"@id\":\"https:\/\/silver-line.hu\/de\/#\/schema\/logo\/image\/\"},\"sameAs\":[\"https:\/\/www.facebook.com\/budapestrivercruise\"]}]}<\/script>\n<!-- \/ Yoast SEO plugin. -->","yoast_head_json":{"title":"Abendessen Schifffahrt mit Folklore Operette Show - Silverline Cruises","description":"Schifffahrt Budapest mit l\u00e4dt Sie ein, die einzigartige Welt der ungarischen Folklore und Tanz mit Abendessen zu genie\u00dfen.W\u00e4hlen Sie unsere Budapest Kreuzfahrt, um ein Abendessen mit Budapest Besichtigung zu bekommen! Wir bieten f\u00fcr jeden, der mehr \u00fcber die ungarische Kultur erfahren m\u00f6chte.","robots":{"index":"index","follow":"follow","max-snippet":"max-snippet:-1","max-image-preview":"max-image-preview:large","max-video-preview":"max-video-preview:-1"},"canonical":"https:\/\/silver-line.hu\/de\/abendessen-kreuzfahrt-mit-folklore-operette-show\/","og_locale":"de_DE","og_type":"article","og_title":"Abendessen Schifffahrt mit Folklore Operette Show - Silverline Cruises","og_description":"Schifffahrt Budapest mit l\u00e4dt Sie ein, die einzigartige Welt der ungarischen Folklore und Tanz mit Abendessen zu genie\u00dfen.W\u00e4hlen Sie unsere Budapest Kreuzfahrt, um ein Abendessen mit Budapest Besichtigung zu bekommen! Wir bieten f\u00fcr jeden, der mehr \u00fcber die ungarische Kultur erfahren m\u00f6chte.","og_url":"https:\/\/silver-line.hu\/de\/abendessen-kreuzfahrt-mit-folklore-operette-show\/","og_site_name":"Silverline Cruises","article_publisher":"https:\/\/www.facebook.com\/budapestrivercruise","article_modified_time":"2022-05-21T08:57:00+00:00","og_image":[{"width":500,"height":205,"url":"https:\/\/silver-line.hu\/wp-content\/uploads\/2022\/05\/Silverline-Cruises-1-1.webp","type":"image\/webp"}],"schema":{"@context":"https:\/\/schema.org","@graph":[{"@type":"WebPage","@id":"https:\/\/silver-line.hu\/de\/abendessen-kreuzfahrt-mit-folklore-operette-show\/","url":"https:\/\/silver-line.hu\/de\/abendessen-kreuzfahrt-mit-folklore-operette-show\/","name":"Abendessen Schifffahrt mit Folklore Operette Show - Silverline Cruises","isPartOf":{"@id":"https:\/\/silver-line.hu\/de\/#website"},"datePublished":"2022-05-07T01:37:09+00:00","dateModified":"2022-05-21T08:57:00+00:00","description":"Schifffahrt Budapest mit l\u00e4dt Sie ein, die einzigartige Welt der ungarischen Folklore und Tanz mit Abendessen zu genie\u00dfen.W\u00e4hlen Sie unsere Budapest Kreuzfahrt, um ein Abendessen mit Budapest Besichtigung zu bekommen! Wir bieten f\u00fcr jeden, der mehr \u00fcber die ungarische Kultur erfahren m\u00f6chte.","breadcrumb":{"@id":"https:\/\/silver-line.hu\/de\/abendessen-kreuzfahrt-mit-folklore-operette-show\/#breadcrumb"},"inLanguage":"de","potentialAction":[{"@type":"ReadAction","target":["https:\/\/silver-line.hu\/de\/abendessen-kreuzfahrt-mit-folklore-operette-show\/"]}]},{"@type":"BreadcrumbList","@id":"https:\/\/silver-line.hu\/de\/abendessen-kreuzfahrt-mit-folklore-operette-show\/#breadcrumb","itemListElement":[{"@type":"ListItem","position":1,"name":"Home","item":"https:\/\/silver-line.hu\/de\/"},{"@type":"ListItem","position":2,"name":"Abendessen Schifffahrt mit Folklore Operette Show"}]},{"@type":"WebSite","@id":"https:\/\/silver-line.hu\/de\/#website","url":"https:\/\/silver-line.hu\/de\/","name":"Silverline Cruises kft.","description":"","publisher":{"@id":"https:\/\/silver-line.hu\/de\/#organization"},"potentialAction":[{"@type":"SearchAction","target":{"@type":"EntryPoint","urlTemplate":"https:\/\/silver-line.hu\/de\/?s={search_term_string}"},"query-input":{"@type":"PropertyValueSpecification","valueRequired":true,"valueName":"search_term_string"}}],"inLanguage":"de"},{"@type":"Organization","@id":"https:\/\/silver-line.hu\/de\/#organization","name":"Silverline Cruises kft.","url":"https:\/\/silver-line.hu\/de\/","logo":{"@type":"ImageObject","inLanguage":"de","@id":"https:\/\/silver-line.hu\/de\/#\/schema\/logo\/image\/","url":"https:\/\/silver-line.hu\/wp-content\/uploads\/2022\/05\/cropped-cropped-icon-1.webp","contentUrl":"https:\/\/silver-line.hu\/wp-content\/uploads\/2022\/05\/cropped-cropped-icon-1.webp","width":512,"height":512,"caption":"Silverline Cruises kft."},"image":{"@id":"https:\/\/silver-line.hu\/de\/#\/schema\/logo\/image\/"},"sameAs":["https:\/\/www.facebook.com\/budapestrivercruise"]}]}},"_links":{"self":[{"href":"https:\/\/silver-line.hu\/de\/wp-json\/wp\/v2\/pages\/364054"}],"collection":[{"href":"https:\/\/silver-line.hu\/de\/wp-json\/wp\/v2\/pages"}],"about":[{"href":"https:\/\/silver-line.hu\/de\/wp-json\/wp\/v2\/types\/page"}],"author":[{"embeddable":true,"href":"https:\/\/silver-line.hu\/de\/wp-json\/wp\/v2\/users\/1"}],"replies":[{"embeddable":true,"href":"https:\/\/silver-line.hu\/de\/wp-json\/wp\/v2\/comments?post=364054"}],"version-history":[{"count":0,"href":"https:\/\/silver-line.hu\/de\/wp-json\/wp\/v2\/pages\/364054\/revisions"}],"wp:attachment":[{"href":"https:\/\/silver-line.hu\/de\/wp-json\/wp\/v2\/media?parent=364054"}],"curies":[{"name":"wp","href":"https:\/\/api.w.org\/{rel}","templated":true}]}}