{"id":1563442,"date":"2025-09-26T08:23:08","date_gmt":"2025-09-26T06:23:08","guid":{"rendered":"https:\/\/silver-line.hu\/?post_type=product&#038;p=1563442"},"modified":"2026-03-16T10:50:45","modified_gmt":"2026-03-16T09:50:45","slug":"unbegrenzte-gluehweinfahrt","status":"publish","type":"product","link":"https:\/\/silver-line.hu\/de\/produkt\/unbegrenzte-gluehweinfahrt\/","title":{"rendered":"Unbegrenzte Gl\u00fchweinfahrt"},"content":{"rendered":"","protected":false},"excerpt":{"rendered":"<p><span style=\"color: green\">Die Preise variieren je nach Tageszeit und Wochentag, wobei die Nachttarife ab 18:00 Uhr beginnen<\/span><\/p>\n<p><strong style=\"color:#00a1ff\">Die Saison der Mulled Wine Cruise ist zu Ende.<\/strong><br \/>\nMit dem Fr\u00fchling wird sie durch unsere erfrischende <strong>Slushy Cruise<\/strong> ersetzt.<br \/>\nWenn Sie eine Fahrt im April planen, k\u00f6nnen Sie Ihre Pl\u00e4tze bereits jetzt buchen.<\/p>\n<p><a style=\"background-color:#00a1ff;color:white;border-radius:20px;padding:5px 10px;\" href=\"https:\/\/silver-line.hu\/de\/produkt\/unbegrenzte-slushy-kreuzfahrt\/\">Buchen Sie Ihre Slushy Cruise \u00bb<\/a><\/p>\n","protected":false},"featured_media":1648130,"template":"","meta":[],"product_cat":[121,88],"product_tag":[],"exclude_global_add_ons":[],"addons":[],"yoast_head":"<!-- This site is optimized with the Yoast SEO plugin v23.9 - https:\/\/yoast.com\/wordpress\/plugins\/seo\/ -->\n<title>Unbegrenzte Gl\u00fchweinfahrt - Silverline Cruises<\/title>\n<meta name=\"robots\" content=\"noindex, nofollow\" \/>\n<meta property=\"og:locale\" content=\"de_DE\" \/>\n<meta property=\"og:type\" content=\"article\" \/>\n<meta property=\"og:title\" content=\"Unbegrenzte Gl\u00fchweinfahrt - Silverline Cruises\" \/>\n<meta property=\"og:description\" content=\"Die Preise variieren je nach Tageszeit und Wochentag, wobei die Nachttarife ab 18:00 Uhr beginnen  Die Saison der Mulled Wine Cruise ist zu Ende. Mit dem Fr\u00fchling wird sie durch unsere erfrischende Slushy Cruise ersetzt. Wenn Sie eine Fahrt im April planen, k\u00f6nnen Sie Ihre Pl\u00e4tze bereits jetzt buchen.  Buchen Sie Ihre Slushy Cruise \u00bb\" \/>\n<meta property=\"og:url\" content=\"https:\/\/silver-line.hu\/de\/produkt\/unbegrenzte-gluehweinfahrt\/\" \/>\n<meta property=\"og:site_name\" content=\"Silverline Cruises\" \/>\n<meta property=\"article:publisher\" content=\"https:\/\/www.facebook.com\/budapestrivercruise\" \/>\n<meta property=\"article:modified_time\" content=\"2026-03-16T09:50:45+00:00\" \/>\n<meta property=\"og:image\" content=\"https:\/\/silver-line.hu\/wp-content\/uploads\/2025\/09\/Unlimited-Mulled-Wine-Cruise.jpg\" \/>\n\t<meta property=\"og:image:width\" content=\"600\" \/>\n\t<meta property=\"og:image:height\" content=\"600\" \/>\n\t<meta property=\"og:image:type\" content=\"image\/jpeg\" \/>\n<script type=\"application\/ld+json\" class=\"yoast-schema-graph\">{\"@context\":\"https:\/\/schema.org\",\"@graph\":[{\"@type\":\"WebPage\",\"@id\":\"https:\/\/silver-line.hu\/de\/produkt\/unbegrenzte-gluehweinfahrt\/\",\"url\":\"https:\/\/silver-line.hu\/de\/produkt\/unbegrenzte-gluehweinfahrt\/\",\"name\":\"Unbegrenzte Gl\u00fchweinfahrt - Silverline Cruises\",\"isPartOf\":{\"@id\":\"https:\/\/silver-line.hu\/de\/#website\"},\"primaryImageOfPage\":{\"@id\":\"https:\/\/silver-line.hu\/de\/produkt\/unbegrenzte-gluehweinfahrt\/#primaryimage\"},\"image\":{\"@id\":\"https:\/\/silver-line.hu\/de\/produkt\/unbegrenzte-gluehweinfahrt\/#primaryimage\"},\"thumbnailUrl\":\"https:\/\/silver-line.hu\/wp-content\/uploads\/2025\/09\/Unlimited-Mulled-Wine-Cruise.jpg\",\"datePublished\":\"2025-09-26T06:23:08+00:00\",\"dateModified\":\"2026-03-16T09:50:45+00:00\",\"breadcrumb\":{\"@id\":\"https:\/\/silver-line.hu\/de\/produkt\/unbegrenzte-gluehweinfahrt\/#breadcrumb\"},\"inLanguage\":\"de\",\"potentialAction\":[{\"@type\":\"ReadAction\",\"target\":[\"https:\/\/silver-line.hu\/de\/produkt\/unbegrenzte-gluehweinfahrt\/\"]}]},{\"@type\":\"ImageObject\",\"inLanguage\":\"de\",\"@id\":\"https:\/\/silver-line.hu\/de\/produkt\/unbegrenzte-gluehweinfahrt\/#primaryimage\",\"url\":\"https:\/\/silver-line.hu\/wp-content\/uploads\/2025\/09\/Unlimited-Mulled-Wine-Cruise.jpg\",\"contentUrl\":\"https:\/\/silver-line.hu\/wp-content\/uploads\/2025\/09\/Unlimited-Mulled-Wine-Cruise.jpg\",\"width\":600,\"height\":600,\"caption\":\"Unlimited Mulled Wine Cruise\"},{\"@type\":\"BreadcrumbList\",\"@id\":\"https:\/\/silver-line.hu\/de\/produkt\/unbegrenzte-gluehweinfahrt\/#breadcrumb\",\"itemListElement\":[{\"@type\":\"ListItem\",\"position\":1,\"name\":\"Home\",\"item\":\"https:\/\/silver-line.hu\/de\/\"},{\"@type\":\"ListItem\",\"position\":2,\"name\":\"Shop\",\"item\":\"https:\/\/silver-line.hu\/de\/shop-2\/\"},{\"@type\":\"ListItem\",\"position\":3,\"name\":\"Unbegrenzte Gl\u00fchweinfahrt\"}]},{\"@type\":\"WebSite\",\"@id\":\"https:\/\/silver-line.hu\/de\/#website\",\"url\":\"https:\/\/silver-line.hu\/de\/\",\"name\":\"Silverline Cruises kft.\",\"description\":\"\",\"publisher\":{\"@id\":\"https:\/\/silver-line.hu\/de\/#organization\"},\"potentialAction\":[{\"@type\":\"SearchAction\",\"target\":{\"@type\":\"EntryPoint\",\"urlTemplate\":\"https:\/\/silver-line.hu\/de\/?s={search_term_string}\"},\"query-input\":{\"@type\":\"PropertyValueSpecification\",\"valueRequired\":true,\"valueName\":\"search_term_string\"}}],\"inLanguage\":\"de\"},{\"@type\":\"Organization\",\"@id\":\"https:\/\/silver-line.hu\/de\/#organization\",\"name\":\"Silverline Cruises kft.\",\"url\":\"https:\/\/silver-line.hu\/de\/\",\"logo\":{\"@type\":\"ImageObject\",\"inLanguage\":\"de\",\"@id\":\"https:\/\/silver-line.hu\/de\/#\/schema\/logo\/image\/\",\"url\":\"https:\/\/silver-line.hu\/wp-content\/uploads\/2022\/05\/cropped-cropped-icon-1.webp\",\"contentUrl\":\"https:\/\/silver-line.hu\/wp-content\/uploads\/2022\/05\/cropped-cropped-icon-1.webp\",\"width\":512,\"height\":512,\"caption\":\"Silverline Cruises kft.\"},\"image\":{\"@id\":\"https:\/\/silver-line.hu\/de\/#\/schema\/logo\/image\/\"},\"sameAs\":[\"https:\/\/www.facebook.com\/budapestrivercruise\"]}]}<\/script>\n<!-- \/ Yoast SEO plugin. -->","yoast_head_json":{"title":"Unbegrenzte Gl\u00fchweinfahrt - Silverline Cruises","robots":{"index":"noindex","follow":"nofollow"},"og_locale":"de_DE","og_type":"article","og_title":"Unbegrenzte Gl\u00fchweinfahrt - Silverline Cruises","og_description":"Die Preise variieren je nach Tageszeit und Wochentag, wobei die Nachttarife ab 18:00 Uhr beginnen  Die Saison der Mulled Wine Cruise ist zu Ende. Mit dem Fr\u00fchling wird sie durch unsere erfrischende Slushy Cruise ersetzt. Wenn Sie eine Fahrt im April planen, k\u00f6nnen Sie Ihre Pl\u00e4tze bereits jetzt buchen.  Buchen Sie Ihre Slushy Cruise \u00bb","og_url":"https:\/\/silver-line.hu\/de\/produkt\/unbegrenzte-gluehweinfahrt\/","og_site_name":"Silverline Cruises","article_publisher":"https:\/\/www.facebook.com\/budapestrivercruise","article_modified_time":"2026-03-16T09:50:45+00:00","og_image":[{"width":600,"height":600,"url":"https:\/\/silver-line.hu\/wp-content\/uploads\/2025\/09\/Unlimited-Mulled-Wine-Cruise.jpg","type":"image\/jpeg"}],"schema":{"@context":"https:\/\/schema.org","@graph":[{"@type":"WebPage","@id":"https:\/\/silver-line.hu\/de\/produkt\/unbegrenzte-gluehweinfahrt\/","url":"https:\/\/silver-line.hu\/de\/produkt\/unbegrenzte-gluehweinfahrt\/","name":"Unbegrenzte Gl\u00fchweinfahrt - Silverline Cruises","isPartOf":{"@id":"https:\/\/silver-line.hu\/de\/#website"},"primaryImageOfPage":{"@id":"https:\/\/silver-line.hu\/de\/produkt\/unbegrenzte-gluehweinfahrt\/#primaryimage"},"image":{"@id":"https:\/\/silver-line.hu\/de\/produkt\/unbegrenzte-gluehweinfahrt\/#primaryimage"},"thumbnailUrl":"https:\/\/silver-line.hu\/wp-content\/uploads\/2025\/09\/Unlimited-Mulled-Wine-Cruise.jpg","datePublished":"2025-09-26T06:23:08+00:00","dateModified":"2026-03-16T09:50:45+00:00","breadcrumb":{"@id":"https:\/\/silver-line.hu\/de\/produkt\/unbegrenzte-gluehweinfahrt\/#breadcrumb"},"inLanguage":"de","potentialAction":[{"@type":"ReadAction","target":["https:\/\/silver-line.hu\/de\/produkt\/unbegrenzte-gluehweinfahrt\/"]}]},{"@type":"ImageObject","inLanguage":"de","@id":"https:\/\/silver-line.hu\/de\/produkt\/unbegrenzte-gluehweinfahrt\/#primaryimage","url":"https:\/\/silver-line.hu\/wp-content\/uploads\/2025\/09\/Unlimited-Mulled-Wine-Cruise.jpg","contentUrl":"https:\/\/silver-line.hu\/wp-content\/uploads\/2025\/09\/Unlimited-Mulled-Wine-Cruise.jpg","width":600,"height":600,"caption":"Unlimited Mulled Wine Cruise"},{"@type":"BreadcrumbList","@id":"https:\/\/silver-line.hu\/de\/produkt\/unbegrenzte-gluehweinfahrt\/#breadcrumb","itemListElement":[{"@type":"ListItem","position":1,"name":"Home","item":"https:\/\/silver-line.hu\/de\/"},{"@type":"ListItem","position":2,"name":"Shop","item":"https:\/\/silver-line.hu\/de\/shop-2\/"},{"@type":"ListItem","position":3,"name":"Unbegrenzte Gl\u00fchweinfahrt"}]},{"@type":"WebSite","@id":"https:\/\/silver-line.hu\/de\/#website","url":"https:\/\/silver-line.hu\/de\/","name":"Silverline Cruises kft.","description":"","publisher":{"@id":"https:\/\/silver-line.hu\/de\/#organization"},"potentialAction":[{"@type":"SearchAction","target":{"@type":"EntryPoint","urlTemplate":"https:\/\/silver-line.hu\/de\/?s={search_term_string}"},"query-input":{"@type":"PropertyValueSpecification","valueRequired":true,"valueName":"search_term_string"}}],"inLanguage":"de"},{"@type":"Organization","@id":"https:\/\/silver-line.hu\/de\/#organization","name":"Silverline Cruises kft.","url":"https:\/\/silver-line.hu\/de\/","logo":{"@type":"ImageObject","inLanguage":"de","@id":"https:\/\/silver-line.hu\/de\/#\/schema\/logo\/image\/","url":"https:\/\/silver-line.hu\/wp-content\/uploads\/2022\/05\/cropped-cropped-icon-1.webp","contentUrl":"https:\/\/silver-line.hu\/wp-content\/uploads\/2022\/05\/cropped-cropped-icon-1.webp","width":512,"height":512,"caption":"Silverline Cruises kft."},"image":{"@id":"https:\/\/silver-line.hu\/de\/#\/schema\/logo\/image\/"},"sameAs":["https:\/\/www.facebook.com\/budapestrivercruise"]}]}},"_links":{"self":[{"href":"https:\/\/silver-line.hu\/de\/wp-json\/wp\/v2\/product\/1563442"}],"collection":[{"href":"https:\/\/silver-line.hu\/de\/wp-json\/wp\/v2\/product"}],"about":[{"href":"https:\/\/silver-line.hu\/de\/wp-json\/wp\/v2\/types\/product"}],"wp:featuredmedia":[{"embeddable":true,"href":"https:\/\/silver-line.hu\/de\/wp-json\/wp\/v2\/media\/1648130"}],"wp:attachment":[{"href":"https:\/\/silver-line.hu\/de\/wp-json\/wp\/v2\/media?parent=1563442"}],"wp:term":[{"taxonomy":"product_cat","embeddable":true,"href":"https:\/\/silver-line.hu\/de\/wp-json\/wp\/v2\/product_cat?post=1563442"},{"taxonomy":"product_tag","embeddable":true,"href":"https:\/\/silver-line.hu\/de\/wp-json\/wp\/v2\/product_tag?post=1563442"}],"curies":[{"name":"wp","href":"https:\/\/api.w.org\/{rel}","templated":true}]}}