{"id":1563566,"date":"2025-09-26T08:23:08","date_gmt":"2025-09-26T06:23:08","guid":{"rendered":"https:\/\/silver-line.hu\/?post_type=product&#038;p=1563566"},"modified":"2026-03-16T10:54:58","modified_gmt":"2026-03-16T09:54:58","slug":"crucero-ilimitado-con-vino-caliente","status":"publish","type":"product","link":"https:\/\/silver-line.hu\/es\/producto\/crucero-ilimitado-con-vino-caliente\/","title":{"rendered":"Crucero ilimitado con vino caliente"},"content":{"rendered":"","protected":false},"excerpt":{"rendered":"<p><span style=\"color: green\">Los precios var\u00edan seg\u00fan la hora del d\u00eda y el d\u00eda de la semana, con la tarifa nocturna a partir de las 18:00<\/span><\/p>\n<p><strong style=\"color:#00a1ff\">La temporada del Mulled Wine Cruise ha llegado a su fin.<\/strong><br \/>\nCon la llegada de la primavera, es sustituido por nuestro refrescante <strong>Slushy Cruise<\/strong>.<br \/>\nSi est\u00e1s planeando un crucero en abril, ya puedes reservar tus plazas.<\/p>\n<p><a style=\"background-color:#00a1ff;color:white;border-radius:20px;padding:5px 10px;\" href=\"https:\/\/silver-line.hu\/es\/producto\/crucero-con-slushies-ilimitados\/\">Reserva tu Slushy Cruise \u00bb<\/a><\/p>\n","protected":false},"featured_media":1648134,"template":"","meta":[],"product_cat":[119,86],"product_tag":[],"exclude_global_add_ons":[],"addons":[],"yoast_head":"<!-- This site is optimized with the Yoast SEO plugin v23.9 - https:\/\/yoast.com\/wordpress\/plugins\/seo\/ -->\n<title>Crucero ilimitado con vino caliente - Silverline Cruises<\/title>\n<meta name=\"robots\" content=\"noindex, nofollow\" \/>\n<meta property=\"og:locale\" content=\"es_ES\" \/>\n<meta property=\"og:type\" content=\"article\" \/>\n<meta property=\"og:title\" content=\"Crucero ilimitado con vino caliente - Silverline Cruises\" \/>\n<meta property=\"og:description\" content=\"Los precios var\u00edan seg\u00fan la hora del d\u00eda y el d\u00eda de la semana, con la tarifa nocturna a partir de las 18:00  La temporada del Mulled Wine Cruise ha llegado a su fin. Con la llegada de la primavera, es sustituido por nuestro refrescante Slushy Cruise. Si est\u00e1s planeando un crucero en abril, ya puedes reservar tus plazas.  Reserva tu Slushy Cruise \u00bb\" \/>\n<meta property=\"og:url\" content=\"https:\/\/silver-line.hu\/es\/producto\/crucero-ilimitado-con-vino-caliente\/\" \/>\n<meta property=\"og:site_name\" content=\"Silverline Cruises\" \/>\n<meta property=\"article:publisher\" content=\"https:\/\/www.facebook.com\/budapestrivercruise\" \/>\n<meta property=\"article:modified_time\" content=\"2026-03-16T09:54:58+00:00\" \/>\n<meta property=\"og:image\" content=\"https:\/\/silver-line.hu\/wp-content\/uploads\/2025\/09\/Unlimited-Mulled-Wine-Cruise.jpg\" \/>\n\t<meta property=\"og:image:width\" content=\"600\" \/>\n\t<meta property=\"og:image:height\" content=\"600\" \/>\n\t<meta property=\"og:image:type\" content=\"image\/jpeg\" \/>\n<script type=\"application\/ld+json\" class=\"yoast-schema-graph\">{\"@context\":\"https:\/\/schema.org\",\"@graph\":[{\"@type\":\"WebPage\",\"@id\":\"https:\/\/silver-line.hu\/es\/producto\/crucero-ilimitado-con-vino-caliente\/\",\"url\":\"https:\/\/silver-line.hu\/es\/producto\/crucero-ilimitado-con-vino-caliente\/\",\"name\":\"Crucero ilimitado con vino caliente - Silverline Cruises\",\"isPartOf\":{\"@id\":\"https:\/\/silver-line.hu\/es\/#website\"},\"primaryImageOfPage\":{\"@id\":\"https:\/\/silver-line.hu\/es\/producto\/crucero-ilimitado-con-vino-caliente\/#primaryimage\"},\"image\":{\"@id\":\"https:\/\/silver-line.hu\/es\/producto\/crucero-ilimitado-con-vino-caliente\/#primaryimage\"},\"thumbnailUrl\":\"https:\/\/silver-line.hu\/wp-content\/uploads\/2025\/09\/Unlimited-Mulled-Wine-Cruise.jpg\",\"datePublished\":\"2025-09-26T06:23:08+00:00\",\"dateModified\":\"2026-03-16T09:54:58+00:00\",\"breadcrumb\":{\"@id\":\"https:\/\/silver-line.hu\/es\/producto\/crucero-ilimitado-con-vino-caliente\/#breadcrumb\"},\"inLanguage\":\"es\",\"potentialAction\":[{\"@type\":\"ReadAction\",\"target\":[\"https:\/\/silver-line.hu\/es\/producto\/crucero-ilimitado-con-vino-caliente\/\"]}]},{\"@type\":\"ImageObject\",\"inLanguage\":\"es\",\"@id\":\"https:\/\/silver-line.hu\/es\/producto\/crucero-ilimitado-con-vino-caliente\/#primaryimage\",\"url\":\"https:\/\/silver-line.hu\/wp-content\/uploads\/2025\/09\/Unlimited-Mulled-Wine-Cruise.jpg\",\"contentUrl\":\"https:\/\/silver-line.hu\/wp-content\/uploads\/2025\/09\/Unlimited-Mulled-Wine-Cruise.jpg\",\"width\":600,\"height\":600,\"caption\":\"Unlimited Mulled Wine Cruise\"},{\"@type\":\"BreadcrumbList\",\"@id\":\"https:\/\/silver-line.hu\/es\/producto\/crucero-ilimitado-con-vino-caliente\/#breadcrumb\",\"itemListElement\":[{\"@type\":\"ListItem\",\"position\":1,\"name\":\"Home\",\"item\":\"https:\/\/silver-line.hu\/es\/\"},{\"@type\":\"ListItem\",\"position\":2,\"name\":\"Tienda\",\"item\":\"https:\/\/silver-line.hu\/es\/tienda\/\"},{\"@type\":\"ListItem\",\"position\":3,\"name\":\"Crucero ilimitado con vino caliente\"}]},{\"@type\":\"WebSite\",\"@id\":\"https:\/\/silver-line.hu\/es\/#website\",\"url\":\"https:\/\/silver-line.hu\/es\/\",\"name\":\"Silverline Cruises kft.\",\"description\":\"\",\"publisher\":{\"@id\":\"https:\/\/silver-line.hu\/es\/#organization\"},\"potentialAction\":[{\"@type\":\"SearchAction\",\"target\":{\"@type\":\"EntryPoint\",\"urlTemplate\":\"https:\/\/silver-line.hu\/es\/?s={search_term_string}\"},\"query-input\":{\"@type\":\"PropertyValueSpecification\",\"valueRequired\":true,\"valueName\":\"search_term_string\"}}],\"inLanguage\":\"es\"},{\"@type\":\"Organization\",\"@id\":\"https:\/\/silver-line.hu\/es\/#organization\",\"name\":\"Silverline Cruises kft.\",\"url\":\"https:\/\/silver-line.hu\/es\/\",\"logo\":{\"@type\":\"ImageObject\",\"inLanguage\":\"es\",\"@id\":\"https:\/\/silver-line.hu\/es\/#\/schema\/logo\/image\/\",\"url\":\"https:\/\/silver-line.hu\/wp-content\/uploads\/2022\/05\/cropped-cropped-icon-1.webp\",\"contentUrl\":\"https:\/\/silver-line.hu\/wp-content\/uploads\/2022\/05\/cropped-cropped-icon-1.webp\",\"width\":512,\"height\":512,\"caption\":\"Silverline Cruises kft.\"},\"image\":{\"@id\":\"https:\/\/silver-line.hu\/es\/#\/schema\/logo\/image\/\"},\"sameAs\":[\"https:\/\/www.facebook.com\/budapestrivercruise\"]}]}<\/script>\n<!-- \/ Yoast SEO plugin. -->","yoast_head_json":{"title":"Crucero ilimitado con vino caliente - Silverline Cruises","robots":{"index":"noindex","follow":"nofollow"},"og_locale":"es_ES","og_type":"article","og_title":"Crucero ilimitado con vino caliente - Silverline Cruises","og_description":"Los precios var\u00edan seg\u00fan la hora del d\u00eda y el d\u00eda de la semana, con la tarifa nocturna a partir de las 18:00  La temporada del Mulled Wine Cruise ha llegado a su fin. Con la llegada de la primavera, es sustituido por nuestro refrescante Slushy Cruise. Si est\u00e1s planeando un crucero en abril, ya puedes reservar tus plazas.  Reserva tu Slushy Cruise \u00bb","og_url":"https:\/\/silver-line.hu\/es\/producto\/crucero-ilimitado-con-vino-caliente\/","og_site_name":"Silverline Cruises","article_publisher":"https:\/\/www.facebook.com\/budapestrivercruise","article_modified_time":"2026-03-16T09:54:58+00:00","og_image":[{"width":600,"height":600,"url":"https:\/\/silver-line.hu\/wp-content\/uploads\/2025\/09\/Unlimited-Mulled-Wine-Cruise.jpg","type":"image\/jpeg"}],"schema":{"@context":"https:\/\/schema.org","@graph":[{"@type":"WebPage","@id":"https:\/\/silver-line.hu\/es\/producto\/crucero-ilimitado-con-vino-caliente\/","url":"https:\/\/silver-line.hu\/es\/producto\/crucero-ilimitado-con-vino-caliente\/","name":"Crucero ilimitado con vino caliente - Silverline Cruises","isPartOf":{"@id":"https:\/\/silver-line.hu\/es\/#website"},"primaryImageOfPage":{"@id":"https:\/\/silver-line.hu\/es\/producto\/crucero-ilimitado-con-vino-caliente\/#primaryimage"},"image":{"@id":"https:\/\/silver-line.hu\/es\/producto\/crucero-ilimitado-con-vino-caliente\/#primaryimage"},"thumbnailUrl":"https:\/\/silver-line.hu\/wp-content\/uploads\/2025\/09\/Unlimited-Mulled-Wine-Cruise.jpg","datePublished":"2025-09-26T06:23:08+00:00","dateModified":"2026-03-16T09:54:58+00:00","breadcrumb":{"@id":"https:\/\/silver-line.hu\/es\/producto\/crucero-ilimitado-con-vino-caliente\/#breadcrumb"},"inLanguage":"es","potentialAction":[{"@type":"ReadAction","target":["https:\/\/silver-line.hu\/es\/producto\/crucero-ilimitado-con-vino-caliente\/"]}]},{"@type":"ImageObject","inLanguage":"es","@id":"https:\/\/silver-line.hu\/es\/producto\/crucero-ilimitado-con-vino-caliente\/#primaryimage","url":"https:\/\/silver-line.hu\/wp-content\/uploads\/2025\/09\/Unlimited-Mulled-Wine-Cruise.jpg","contentUrl":"https:\/\/silver-line.hu\/wp-content\/uploads\/2025\/09\/Unlimited-Mulled-Wine-Cruise.jpg","width":600,"height":600,"caption":"Unlimited Mulled Wine Cruise"},{"@type":"BreadcrumbList","@id":"https:\/\/silver-line.hu\/es\/producto\/crucero-ilimitado-con-vino-caliente\/#breadcrumb","itemListElement":[{"@type":"ListItem","position":1,"name":"Home","item":"https:\/\/silver-line.hu\/es\/"},{"@type":"ListItem","position":2,"name":"Tienda","item":"https:\/\/silver-line.hu\/es\/tienda\/"},{"@type":"ListItem","position":3,"name":"Crucero ilimitado con vino caliente"}]},{"@type":"WebSite","@id":"https:\/\/silver-line.hu\/es\/#website","url":"https:\/\/silver-line.hu\/es\/","name":"Silverline Cruises kft.","description":"","publisher":{"@id":"https:\/\/silver-line.hu\/es\/#organization"},"potentialAction":[{"@type":"SearchAction","target":{"@type":"EntryPoint","urlTemplate":"https:\/\/silver-line.hu\/es\/?s={search_term_string}"},"query-input":{"@type":"PropertyValueSpecification","valueRequired":true,"valueName":"search_term_string"}}],"inLanguage":"es"},{"@type":"Organization","@id":"https:\/\/silver-line.hu\/es\/#organization","name":"Silverline Cruises kft.","url":"https:\/\/silver-line.hu\/es\/","logo":{"@type":"ImageObject","inLanguage":"es","@id":"https:\/\/silver-line.hu\/es\/#\/schema\/logo\/image\/","url":"https:\/\/silver-line.hu\/wp-content\/uploads\/2022\/05\/cropped-cropped-icon-1.webp","contentUrl":"https:\/\/silver-line.hu\/wp-content\/uploads\/2022\/05\/cropped-cropped-icon-1.webp","width":512,"height":512,"caption":"Silverline Cruises kft."},"image":{"@id":"https:\/\/silver-line.hu\/es\/#\/schema\/logo\/image\/"},"sameAs":["https:\/\/www.facebook.com\/budapestrivercruise"]}]}},"_links":{"self":[{"href":"https:\/\/silver-line.hu\/es\/wp-json\/wp\/v2\/product\/1563566"}],"collection":[{"href":"https:\/\/silver-line.hu\/es\/wp-json\/wp\/v2\/product"}],"about":[{"href":"https:\/\/silver-line.hu\/es\/wp-json\/wp\/v2\/types\/product"}],"wp:featuredmedia":[{"embeddable":true,"href":"https:\/\/silver-line.hu\/es\/wp-json\/wp\/v2\/media\/1648134"}],"wp:attachment":[{"href":"https:\/\/silver-line.hu\/es\/wp-json\/wp\/v2\/media?parent=1563566"}],"wp:term":[{"taxonomy":"product_cat","embeddable":true,"href":"https:\/\/silver-line.hu\/es\/wp-json\/wp\/v2\/product_cat?post=1563566"},{"taxonomy":"product_tag","embeddable":true,"href":"https:\/\/silver-line.hu\/es\/wp-json\/wp\/v2\/product_tag?post=1563566"}],"curies":[{"name":"wp","href":"https:\/\/api.w.org\/{rel}","templated":true}]}}