{"id":363129,"date":"2022-05-07T03:33:51","date_gmt":"2022-05-07T01:33:51","guid":{"rendered":"https:\/\/silver-line.hu\/?page_id=363129"},"modified":"2026-02-26T10:40:26","modified_gmt":"2026-02-26T09:40:26","slug":"bateau-croisiere-panoramique","status":"publish","type":"page","link":"https:\/\/silver-line.hu\/fr\/bateau-croisiere-panoramique\/","title":{"rendered":"Bateau Budapest &#8211; Croisi\u00e8re Budapest Tourisme"},"content":{"rendered":"","protected":false},"excerpt":{"rendered":"","protected":false},"author":1,"featured_media":580124,"parent":0,"menu_order":0,"comment_status":"closed","ping_status":"closed","template":"","meta":{"footnotes":""},"yoast_head":"<!-- This site is optimized with the Yoast SEO plugin v23.9 - https:\/\/yoast.com\/wordpress\/plugins\/seo\/ -->\n<title>Croisi\u00e8re Budapest Tourisme - Silverline Budapest Croisi\u00e8re<\/title>\n<meta name=\"description\" content=\"Croisi\u00e8re Budapest Tourisme par Silverline Cruises. Une aventure sur le Danube est l&#039;occasion parfaite pour voir les parties populaires de la ville.\" \/>\n<meta name=\"robots\" content=\"index, follow, max-snippet:-1, max-image-preview:large, max-video-preview:-1\" \/>\n<link rel=\"canonical\" href=\"https:\/\/silver-line.hu\/fr\/bateau-croisiere-panoramique\/\" \/>\n<meta property=\"og:locale\" content=\"fr_FR\" \/>\n<meta property=\"og:type\" content=\"article\" \/>\n<meta property=\"og:title\" content=\"Croisi\u00e8re Budapest Tourisme - Silverline Budapest Croisi\u00e8re\" \/>\n<meta property=\"og:description\" content=\"Croisi\u00e8re Budapest Tourisme par Silverline Cruises. Une aventure sur le Danube est l&#039;occasion parfaite pour voir les parties populaires de la ville.\" \/>\n<meta property=\"og:url\" content=\"https:\/\/silver-line.hu\/fr\/bateau-croisiere-panoramique\/\" \/>\n<meta property=\"og:site_name\" content=\"Silverline Cruises\" \/>\n<meta property=\"article:publisher\" content=\"https:\/\/www.facebook.com\/budapestrivercruise\" \/>\n<meta property=\"article:modified_time\" content=\"2026-02-26T09:40:26+00:00\" \/>\n<meta property=\"og:image\" content=\"https:\/\/silver-line.hu\/wp-content\/uploads\/2022\/10\/145.jpg\" \/>\n\t<meta property=\"og:image:width\" content=\"959\" \/>\n\t<meta property=\"og:image:height\" content=\"640\" \/>\n\t<meta property=\"og:image:type\" content=\"image\/jpeg\" \/>\n<script type=\"application\/ld+json\" class=\"yoast-schema-graph\">{\"@context\":\"https:\/\/schema.org\",\"@graph\":[{\"@type\":\"WebPage\",\"@id\":\"https:\/\/silver-line.hu\/fr\/bateau-croisiere-panoramique\/\",\"url\":\"https:\/\/silver-line.hu\/fr\/bateau-croisiere-panoramique\/\",\"name\":\"Croisi\u00e8re Budapest Tourisme - Silverline Budapest Croisi\u00e8re\",\"isPartOf\":{\"@id\":\"https:\/\/silver-line.hu\/fr\/#website\"},\"primaryImageOfPage\":{\"@id\":\"https:\/\/silver-line.hu\/fr\/bateau-croisiere-panoramique\/#primaryimage\"},\"image\":{\"@id\":\"https:\/\/silver-line.hu\/fr\/bateau-croisiere-panoramique\/#primaryimage\"},\"thumbnailUrl\":\"https:\/\/silver-line.hu\/wp-content\/uploads\/2022\/10\/145.jpg\",\"datePublished\":\"2022-05-07T01:33:51+00:00\",\"dateModified\":\"2026-02-26T09:40:26+00:00\",\"description\":\"Croisi\u00e8re Budapest Tourisme par Silverline Cruises. Une aventure sur le Danube est l'occasion parfaite pour voir les parties populaires de la ville.\",\"breadcrumb\":{\"@id\":\"https:\/\/silver-line.hu\/fr\/bateau-croisiere-panoramique\/#breadcrumb\"},\"inLanguage\":\"fr-FR\",\"potentialAction\":[{\"@type\":\"ReadAction\",\"target\":[\"https:\/\/silver-line.hu\/fr\/bateau-croisiere-panoramique\/\"]}]},{\"@type\":\"ImageObject\",\"inLanguage\":\"fr-FR\",\"@id\":\"https:\/\/silver-line.hu\/fr\/bateau-croisiere-panoramique\/#primaryimage\",\"url\":\"https:\/\/silver-line.hu\/wp-content\/uploads\/2022\/10\/145.jpg\",\"contentUrl\":\"https:\/\/silver-line.hu\/wp-content\/uploads\/2022\/10\/145.jpg\",\"width\":959,\"height\":640},{\"@type\":\"BreadcrumbList\",\"@id\":\"https:\/\/silver-line.hu\/fr\/bateau-croisiere-panoramique\/#breadcrumb\",\"itemListElement\":[{\"@type\":\"ListItem\",\"position\":1,\"name\":\"Home\",\"item\":\"https:\/\/silver-line.hu\/fr\/\"},{\"@type\":\"ListItem\",\"position\":2,\"name\":\"Bateau Budapest &#8211; Croisi\u00e8re Budapest Tourisme\"}]},{\"@type\":\"WebSite\",\"@id\":\"https:\/\/silver-line.hu\/fr\/#website\",\"url\":\"https:\/\/silver-line.hu\/fr\/\",\"name\":\"Silverline Cruises kft.\",\"description\":\"\",\"publisher\":{\"@id\":\"https:\/\/silver-line.hu\/fr\/#organization\"},\"potentialAction\":[{\"@type\":\"SearchAction\",\"target\":{\"@type\":\"EntryPoint\",\"urlTemplate\":\"https:\/\/silver-line.hu\/fr\/?s={search_term_string}\"},\"query-input\":{\"@type\":\"PropertyValueSpecification\",\"valueRequired\":true,\"valueName\":\"search_term_string\"}}],\"inLanguage\":\"fr-FR\"},{\"@type\":\"Organization\",\"@id\":\"https:\/\/silver-line.hu\/fr\/#organization\",\"name\":\"Silverline Cruises kft.\",\"url\":\"https:\/\/silver-line.hu\/fr\/\",\"logo\":{\"@type\":\"ImageObject\",\"inLanguage\":\"fr-FR\",\"@id\":\"https:\/\/silver-line.hu\/fr\/#\/schema\/logo\/image\/\",\"url\":\"https:\/\/silver-line.hu\/wp-content\/uploads\/2022\/05\/cropped-cropped-icon-1.webp\",\"contentUrl\":\"https:\/\/silver-line.hu\/wp-content\/uploads\/2022\/05\/cropped-cropped-icon-1.webp\",\"width\":512,\"height\":512,\"caption\":\"Silverline Cruises kft.\"},\"image\":{\"@id\":\"https:\/\/silver-line.hu\/fr\/#\/schema\/logo\/image\/\"},\"sameAs\":[\"https:\/\/www.facebook.com\/budapestrivercruise\"]}]}<\/script>\n<!-- \/ Yoast SEO plugin. -->","yoast_head_json":{"title":"Croisi\u00e8re Budapest Tourisme - Silverline Budapest Croisi\u00e8re","description":"Croisi\u00e8re Budapest Tourisme par Silverline Cruises. Une aventure sur le Danube est l'occasion parfaite pour voir les parties populaires de la ville.","robots":{"index":"index","follow":"follow","max-snippet":"max-snippet:-1","max-image-preview":"max-image-preview:large","max-video-preview":"max-video-preview:-1"},"canonical":"https:\/\/silver-line.hu\/fr\/bateau-croisiere-panoramique\/","og_locale":"fr_FR","og_type":"article","og_title":"Croisi\u00e8re Budapest Tourisme - Silverline Budapest Croisi\u00e8re","og_description":"Croisi\u00e8re Budapest Tourisme par Silverline Cruises. Une aventure sur le Danube est l'occasion parfaite pour voir les parties populaires de la ville.","og_url":"https:\/\/silver-line.hu\/fr\/bateau-croisiere-panoramique\/","og_site_name":"Silverline Cruises","article_publisher":"https:\/\/www.facebook.com\/budapestrivercruise","article_modified_time":"2026-02-26T09:40:26+00:00","og_image":[{"width":959,"height":640,"url":"https:\/\/silver-line.hu\/wp-content\/uploads\/2022\/10\/145.jpg","type":"image\/jpeg"}],"schema":{"@context":"https:\/\/schema.org","@graph":[{"@type":"WebPage","@id":"https:\/\/silver-line.hu\/fr\/bateau-croisiere-panoramique\/","url":"https:\/\/silver-line.hu\/fr\/bateau-croisiere-panoramique\/","name":"Croisi\u00e8re Budapest Tourisme - Silverline Budapest Croisi\u00e8re","isPartOf":{"@id":"https:\/\/silver-line.hu\/fr\/#website"},"primaryImageOfPage":{"@id":"https:\/\/silver-line.hu\/fr\/bateau-croisiere-panoramique\/#primaryimage"},"image":{"@id":"https:\/\/silver-line.hu\/fr\/bateau-croisiere-panoramique\/#primaryimage"},"thumbnailUrl":"https:\/\/silver-line.hu\/wp-content\/uploads\/2022\/10\/145.jpg","datePublished":"2022-05-07T01:33:51+00:00","dateModified":"2026-02-26T09:40:26+00:00","description":"Croisi\u00e8re Budapest Tourisme par Silverline Cruises. Une aventure sur le Danube est l'occasion parfaite pour voir les parties populaires de la ville.","breadcrumb":{"@id":"https:\/\/silver-line.hu\/fr\/bateau-croisiere-panoramique\/#breadcrumb"},"inLanguage":"fr-FR","potentialAction":[{"@type":"ReadAction","target":["https:\/\/silver-line.hu\/fr\/bateau-croisiere-panoramique\/"]}]},{"@type":"ImageObject","inLanguage":"fr-FR","@id":"https:\/\/silver-line.hu\/fr\/bateau-croisiere-panoramique\/#primaryimage","url":"https:\/\/silver-line.hu\/wp-content\/uploads\/2022\/10\/145.jpg","contentUrl":"https:\/\/silver-line.hu\/wp-content\/uploads\/2022\/10\/145.jpg","width":959,"height":640},{"@type":"BreadcrumbList","@id":"https:\/\/silver-line.hu\/fr\/bateau-croisiere-panoramique\/#breadcrumb","itemListElement":[{"@type":"ListItem","position":1,"name":"Home","item":"https:\/\/silver-line.hu\/fr\/"},{"@type":"ListItem","position":2,"name":"Bateau Budapest &#8211; Croisi\u00e8re Budapest Tourisme"}]},{"@type":"WebSite","@id":"https:\/\/silver-line.hu\/fr\/#website","url":"https:\/\/silver-line.hu\/fr\/","name":"Silverline Cruises kft.","description":"","publisher":{"@id":"https:\/\/silver-line.hu\/fr\/#organization"},"potentialAction":[{"@type":"SearchAction","target":{"@type":"EntryPoint","urlTemplate":"https:\/\/silver-line.hu\/fr\/?s={search_term_string}"},"query-input":{"@type":"PropertyValueSpecification","valueRequired":true,"valueName":"search_term_string"}}],"inLanguage":"fr-FR"},{"@type":"Organization","@id":"https:\/\/silver-line.hu\/fr\/#organization","name":"Silverline Cruises kft.","url":"https:\/\/silver-line.hu\/fr\/","logo":{"@type":"ImageObject","inLanguage":"fr-FR","@id":"https:\/\/silver-line.hu\/fr\/#\/schema\/logo\/image\/","url":"https:\/\/silver-line.hu\/wp-content\/uploads\/2022\/05\/cropped-cropped-icon-1.webp","contentUrl":"https:\/\/silver-line.hu\/wp-content\/uploads\/2022\/05\/cropped-cropped-icon-1.webp","width":512,"height":512,"caption":"Silverline Cruises kft."},"image":{"@id":"https:\/\/silver-line.hu\/fr\/#\/schema\/logo\/image\/"},"sameAs":["https:\/\/www.facebook.com\/budapestrivercruise"]}]}},"_links":{"self":[{"href":"https:\/\/silver-line.hu\/fr\/wp-json\/wp\/v2\/pages\/363129"}],"collection":[{"href":"https:\/\/silver-line.hu\/fr\/wp-json\/wp\/v2\/pages"}],"about":[{"href":"https:\/\/silver-line.hu\/fr\/wp-json\/wp\/v2\/types\/page"}],"author":[{"embeddable":true,"href":"https:\/\/silver-line.hu\/fr\/wp-json\/wp\/v2\/users\/1"}],"replies":[{"embeddable":true,"href":"https:\/\/silver-line.hu\/fr\/wp-json\/wp\/v2\/comments?post=363129"}],"version-history":[{"count":5,"href":"https:\/\/silver-line.hu\/fr\/wp-json\/wp\/v2\/pages\/363129\/revisions"}],"predecessor-version":[{"id":1668840,"href":"https:\/\/silver-line.hu\/fr\/wp-json\/wp\/v2\/pages\/363129\/revisions\/1668840"}],"wp:featuredmedia":[{"embeddable":true,"href":"https:\/\/silver-line.hu\/fr\/wp-json\/wp\/v2\/media\/580124"}],"wp:attachment":[{"href":"https:\/\/silver-line.hu\/fr\/wp-json\/wp\/v2\/media?parent=363129"}],"curies":[{"name":"wp","href":"https:\/\/api.w.org\/{rel}","templated":true}]}}