{"id":363456,"date":"2022-05-07T03:35:33","date_gmt":"2022-05-07T02:35:33","guid":{"rendered":"https:\/\/silver-line.hu\/?page_id=363456"},"modified":"2022-05-09T22:26:51","modified_gmt":"2022-05-09T20:26:51","slug":"conditions-generalesconditions-generales-dutilisation","status":"publish","type":"page","link":"https:\/\/silver-line.hu\/fr\/conditions-generalesconditions-generales-dutilisation\/","title":{"rendered":"CONDITIONS G\u00c9N\u00c9RALES"},"content":{"rendered":"<hr class=\"wp-block-separator\"\/><p>En g\u00e9n\u00e9ral<br>Silverline Cruises Kft. est le propri\u00e9taire et l&rsquo;exploitant du site www.silver-line.hu. Ce document r\u00e9git votre relation avec www.silver-line.hu (\u00ab\u00a0Site Web\u00a0\u00bb). L&rsquo;acc\u00e8s \u00e0 ce site Web et son utilisation, ainsi que les produits et services disponibles sur ce site Web (collectivement, les \u00ab\u00a0services\u00a0\u00bb) sont soumis aux conditions et avis suivants (les \u00ab\u00a0conditions de service\u00a0\u00bb). En utilisant les services, vous acceptez l&rsquo;ensemble des conditions de service, telles qu&rsquo;elles peuvent \u00eatre mises \u00e0 jour par nous de temps \u00e0 autre. Vous devez consulter r\u00e9guli\u00e8rement cette page pour prendre connaissance des modifications que nous avons pu apporter aux conditions de service.<\/p><p>L&rsquo;acc\u00e8s \u00e0 ce site Web est autoris\u00e9 \u00e0 titre temporaire, et nous nous r\u00e9servons le droit de retirer ou de modifier les services sans pr\u00e9avis. Nous ne serons pas responsables si, pour quelque raison que ce soit, ce site Web est indisponible \u00e0 tout moment ou pendant une p\u00e9riode donn\u00e9e. De temps \u00e0 autre, nous pouvons restreindre l&rsquo;acc\u00e8s \u00e0 certaines parties ou \u00e0 l&rsquo;ensemble de ce site Web.<br>Ce site Web peut contenir des liens vers d&rsquo;autres sites Web (les \u00ab\u00a0sites li\u00e9s\u00a0\u00bb), qui ne sont pas exploit\u00e9s par www.silver-line.hu. www.silver-line.hu n&rsquo;a aucun contr\u00f4le sur les sites li\u00e9s et n&rsquo;accepte aucune responsabilit\u00e9 \u00e0 leur \u00e9gard ou pour toute perte ou tout dommage pouvant r\u00e9sulter de votre utilisation de ces sites. Votre utilisation des sites li\u00e9s sera soumise aux conditions d&rsquo;utilisation et de service contenues dans chacun de ces sites.<\/p><p>Politique de confidentialit\u00e9<br>Notre politique de confidentialit\u00e9, qui d\u00e9finit la mani\u00e8re dont nous utiliserons vos informations, peut \u00eatre consult\u00e9e \u00e0 l&rsquo;adresse www.silver-line.hu\/privacy-policy\/. En utilisant ce site Web, vous consentez au traitement qui y est d\u00e9crit et garantissez que toutes les donn\u00e9es que vous fournissez sont exactes.<\/p><p>Interdictions<br>Vous ne devez pas faire un usage abusif de ce site web. Vous ne devez pas : commettre ou encourager une infraction p\u00e9nale ; transmettre ou distribuer un virus, un cheval de Troie, un ver, une bombe logique ou tout autre mat\u00e9riel malveillant, technologiquement nuisible, constituant un abus de confiance ou, de quelque mani\u00e8re que ce soit, offensant ou obsc\u00e8ne ; pirater tout aspect du service ; corrompre les donn\u00e9es ; g\u00eaner les autres utilisateurs ; enfreindre les droits de propri\u00e9t\u00e9 d&rsquo;une autre personne ; envoyer des publicit\u00e9s ou du mat\u00e9riel promotionnel non sollicit\u00e9s, commun\u00e9ment appel\u00e9s \u00ab\u00a0spam\u00a0\u00bb ; ou tenter d&rsquo;affecter les performances ou les fonctionnalit\u00e9s de toute installation informatique de ce site Web ou \u00e0 laquelle il est possible d&rsquo;acc\u00e9der par son interm\u00e9diaire. La violation de cette disposition constituerait une infraction p\u00e9nale et www.silver-line.hu\/shop signalera toute violation de ce type aux autorit\u00e9s comp\u00e9tentes charg\u00e9es de l&rsquo;application de la loi et leur divulguera votre identit\u00e9.<\/p><p>Nous ne serons pas responsables des pertes ou des dommages caus\u00e9s par une attaque par d\u00e9ni de service distribu\u00e9, des virus ou d&rsquo;autres \u00e9l\u00e9ments technologiquement nuisibles susceptibles d&rsquo;infecter votre \u00e9quipement informatique, vos programmes informatiques, vos donn\u00e9es ou d&rsquo;autres \u00e9l\u00e9ments propri\u00e9taires en raison de votre utilisation de ce site Web ou de votre t\u00e9l\u00e9chargement de tout \u00e9l\u00e9ment affich\u00e9 sur ce site ou sur tout site Web li\u00e9 \u00e0 celui-ci.<\/p><p>Propri\u00e9t\u00e9 intellectuelle, logiciels et contenu<br>Les droits de propri\u00e9t\u00e9 intellectuelle de tous les logiciels et contenus (y compris les images photographiques) mis \u00e0 votre disposition sur ou par le biais de ce site Web restent la propri\u00e9t\u00e9 de wwww.silver-line.hu\/shop ou de ses conc\u00e9dants de licence et sont prot\u00e9g\u00e9s par les lois et trait\u00e9s relatifs aux droits d&rsquo;auteur dans le monde entier. Tous ces droits sont r\u00e9serv\u00e9s par www.silver-line.hu\/shop et ses conc\u00e9dants de licence. Vous pouvez stocker, imprimer et afficher le contenu fourni uniquement pour votre usage personnel. Vous n&rsquo;\u00eates pas autoris\u00e9 \u00e0 publier, manipuler, distribuer ou reproduire de quelque mani\u00e8re que ce soit, sous quelque format que ce soit, le contenu ou les copies du contenu qui vous sont fournis ou qui apparaissent sur ce site Web, ni \u00e0 utiliser ce contenu dans le cadre d&rsquo;une activit\u00e9 ou d&rsquo;une entreprise commerciale.<\/p><p>Conditions de vente<br>En passant une commande, vous offrez d&rsquo;acheter un produit sur la base et sous r\u00e9serve des conditions g\u00e9n\u00e9rales suivantes. Toutes les commandes sont soumises \u00e0 la disponibilit\u00e9 et \u00e0 la confirmation du prix de la commande.<br>Les d\u00e9lais d&rsquo;exp\u00e9dition peuvent varier en fonction de la disponibilit\u00e9 et sous r\u00e9serve d&rsquo;\u00e9ventuels retards r\u00e9sultant de d\u00e9lais postaux ou de cas de force majeure dont nous ne serons pas responsables.<\/p><p>Pour pouvoir contracter avec www.silver-line.hu\/shop, vous devez \u00eatre \u00e2g\u00e9 de plus de 18 ans et poss\u00e9der une carte de cr\u00e9dit ou de d\u00e9bit valide \u00e9mise par une banque acceptable pour nous. www.silver-line.hu\/shop se r\u00e9serve le droit de refuser toute demande de votre part. Si votre commande est accept\u00e9e, nous vous en informerons par e-mail et nous confirmerons l&rsquo;identit\u00e9 de la partie avec laquelle vous avez contract\u00e9. Il s&rsquo;agit g\u00e9n\u00e9ralement de www.silver-line.hu\/shop ou, dans certains cas, d&rsquo;un tiers. Lorsqu&rsquo;un contrat est conclu avec un tiers, www.silver-line.hu\/shop n&rsquo;agit ni en tant qu&rsquo;agent ni en tant que commettant et le contrat est conclu entre vous et ce tiers et sera soumis aux conditions de vente qu&rsquo;il vous fournit. Lorsque vous passez une commande, vous vous engagez \u00e0 ce que tous les d\u00e9tails que vous nous fournissez soient vrais et exacts, que vous soyez un utilisateur autoris\u00e9 de la carte de cr\u00e9dit ou de d\u00e9bit utilis\u00e9e pour passer votre commande et que les fonds soient suffisants pour couvrir le co\u00fbt des marchandises. Le co\u00fbt des produits et services \u00e9trangers peut fluctuer. Lorsque vous effectuez un achat aupr\u00e8s de Silverline Cruises Ltd.<\/p><p>Traduit avec www.DeepL.com\/Translator (version gratuite)<\/p>","protected":false},"excerpt":{"rendered":"<p>En g\u00e9n\u00e9ralSilverline Cruises Kft. est le propri\u00e9taire et l&rsquo;exploitant du site www.silver-line.hu. Ce document r\u00e9git votre relation avec www.silver-line.hu (\u00ab\u00a0Site Web\u00a0\u00bb). L&rsquo;acc\u00e8s \u00e0 ce site Web et son utilisation, ainsi que les produits et services disponibles sur ce site Web (collectivement, les \u00ab\u00a0services\u00a0\u00bb) sont soumis aux conditions et avis suivants (les \u00ab\u00a0conditions de service\u00a0\u00bb). En<\/p>\n","protected":false},"author":1,"featured_media":0,"parent":0,"menu_order":0,"comment_status":"closed","ping_status":"closed","template":"","meta":{"footnotes":""},"yoast_head":"<!-- This site is optimized with the Yoast SEO plugin v23.9 - https:\/\/yoast.com\/wordpress\/plugins\/seo\/ -->\n<title>CONDITIONS G\u00c9N\u00c9RALES - Silverline Cruises<\/title>\n<meta name=\"robots\" content=\"index, follow, max-snippet:-1, max-image-preview:large, max-video-preview:-1\" \/>\n<link rel=\"canonical\" href=\"https:\/\/silver-line.hu\/fr\/conditions-generalesconditions-generales-dutilisation\/\" \/>\n<meta property=\"og:locale\" content=\"fr_FR\" \/>\n<meta property=\"og:type\" content=\"article\" \/>\n<meta property=\"og:title\" content=\"CONDITIONS G\u00c9N\u00c9RALES - Silverline Cruises\" \/>\n<meta property=\"og:description\" content=\"En g\u00e9n\u00e9ralSilverline Cruises Kft. est le propri\u00e9taire et l&rsquo;exploitant du site www.silver-line.hu. Ce document r\u00e9git votre relation avec www.silver-line.hu (\u00ab\u00a0Site Web\u00a0\u00bb). L&rsquo;acc\u00e8s \u00e0 ce site Web et son utilisation, ainsi que les produits et services disponibles sur ce site Web (collectivement, les \u00ab\u00a0services\u00a0\u00bb) sont soumis aux conditions et avis suivants (les \u00ab\u00a0conditions de service\u00a0\u00bb). En\" \/>\n<meta property=\"og:url\" content=\"https:\/\/silver-line.hu\/fr\/conditions-generalesconditions-generales-dutilisation\/\" \/>\n<meta property=\"og:site_name\" content=\"Silverline Cruises\" \/>\n<meta property=\"article:publisher\" content=\"https:\/\/www.facebook.com\/budapestrivercruise\" \/>\n<meta property=\"article:modified_time\" content=\"2022-05-09T20:26:51+00:00\" \/>\n<meta property=\"og:image\" content=\"https:\/\/silver-line.hu\/wp-content\/uploads\/2022\/05\/Silverline-Cruises-1-1.webp\" \/>\n\t<meta property=\"og:image:width\" content=\"500\" \/>\n\t<meta property=\"og:image:height\" content=\"205\" \/>\n\t<meta property=\"og:image:type\" content=\"image\/webp\" \/>\n<script type=\"application\/ld+json\" class=\"yoast-schema-graph\">{\"@context\":\"https:\/\/schema.org\",\"@graph\":[{\"@type\":\"WebPage\",\"@id\":\"https:\/\/silver-line.hu\/fr\/conditions-generalesconditions-generales-dutilisation\/\",\"url\":\"https:\/\/silver-line.hu\/fr\/conditions-generalesconditions-generales-dutilisation\/\",\"name\":\"CONDITIONS G\u00c9N\u00c9RALES - Silverline Cruises\",\"isPartOf\":{\"@id\":\"https:\/\/silver-line.hu\/fr\/#website\"},\"datePublished\":\"2022-05-07T02:35:33+00:00\",\"dateModified\":\"2022-05-09T20:26:51+00:00\",\"breadcrumb\":{\"@id\":\"https:\/\/silver-line.hu\/fr\/conditions-generalesconditions-generales-dutilisation\/#breadcrumb\"},\"inLanguage\":\"fr-FR\",\"potentialAction\":[{\"@type\":\"ReadAction\",\"target\":[\"https:\/\/silver-line.hu\/fr\/conditions-generalesconditions-generales-dutilisation\/\"]}]},{\"@type\":\"BreadcrumbList\",\"@id\":\"https:\/\/silver-line.hu\/fr\/conditions-generalesconditions-generales-dutilisation\/#breadcrumb\",\"itemListElement\":[{\"@type\":\"ListItem\",\"position\":1,\"name\":\"Home\",\"item\":\"https:\/\/silver-line.hu\/fr\/\"},{\"@type\":\"ListItem\",\"position\":2,\"name\":\"CONDITIONS G\u00c9N\u00c9RALES\"}]},{\"@type\":\"WebSite\",\"@id\":\"https:\/\/silver-line.hu\/fr\/#website\",\"url\":\"https:\/\/silver-line.hu\/fr\/\",\"name\":\"Silverline Cruises kft.\",\"description\":\"\",\"publisher\":{\"@id\":\"https:\/\/silver-line.hu\/fr\/#organization\"},\"potentialAction\":[{\"@type\":\"SearchAction\",\"target\":{\"@type\":\"EntryPoint\",\"urlTemplate\":\"https:\/\/silver-line.hu\/fr\/?s={search_term_string}\"},\"query-input\":{\"@type\":\"PropertyValueSpecification\",\"valueRequired\":true,\"valueName\":\"search_term_string\"}}],\"inLanguage\":\"fr-FR\"},{\"@type\":\"Organization\",\"@id\":\"https:\/\/silver-line.hu\/fr\/#organization\",\"name\":\"Silverline Cruises kft.\",\"url\":\"https:\/\/silver-line.hu\/fr\/\",\"logo\":{\"@type\":\"ImageObject\",\"inLanguage\":\"fr-FR\",\"@id\":\"https:\/\/silver-line.hu\/fr\/#\/schema\/logo\/image\/\",\"url\":\"https:\/\/silver-line.hu\/wp-content\/uploads\/2022\/05\/cropped-cropped-icon-1.webp\",\"contentUrl\":\"https:\/\/silver-line.hu\/wp-content\/uploads\/2022\/05\/cropped-cropped-icon-1.webp\",\"width\":512,\"height\":512,\"caption\":\"Silverline Cruises kft.\"},\"image\":{\"@id\":\"https:\/\/silver-line.hu\/fr\/#\/schema\/logo\/image\/\"},\"sameAs\":[\"https:\/\/www.facebook.com\/budapestrivercruise\"]}]}<\/script>\n<!-- \/ Yoast SEO plugin. -->","yoast_head_json":{"title":"CONDITIONS G\u00c9N\u00c9RALES - Silverline Cruises","robots":{"index":"index","follow":"follow","max-snippet":"max-snippet:-1","max-image-preview":"max-image-preview:large","max-video-preview":"max-video-preview:-1"},"canonical":"https:\/\/silver-line.hu\/fr\/conditions-generalesconditions-generales-dutilisation\/","og_locale":"fr_FR","og_type":"article","og_title":"CONDITIONS G\u00c9N\u00c9RALES - Silverline Cruises","og_description":"En g\u00e9n\u00e9ralSilverline Cruises Kft. est le propri\u00e9taire et l&rsquo;exploitant du site www.silver-line.hu. Ce document r\u00e9git votre relation avec www.silver-line.hu (\u00ab\u00a0Site Web\u00a0\u00bb). L&rsquo;acc\u00e8s \u00e0 ce site Web et son utilisation, ainsi que les produits et services disponibles sur ce site Web (collectivement, les \u00ab\u00a0services\u00a0\u00bb) sont soumis aux conditions et avis suivants (les \u00ab\u00a0conditions de service\u00a0\u00bb). En","og_url":"https:\/\/silver-line.hu\/fr\/conditions-generalesconditions-generales-dutilisation\/","og_site_name":"Silverline Cruises","article_publisher":"https:\/\/www.facebook.com\/budapestrivercruise","article_modified_time":"2022-05-09T20:26:51+00:00","og_image":[{"width":500,"height":205,"url":"https:\/\/silver-line.hu\/wp-content\/uploads\/2022\/05\/Silverline-Cruises-1-1.webp","type":"image\/webp"}],"schema":{"@context":"https:\/\/schema.org","@graph":[{"@type":"WebPage","@id":"https:\/\/silver-line.hu\/fr\/conditions-generalesconditions-generales-dutilisation\/","url":"https:\/\/silver-line.hu\/fr\/conditions-generalesconditions-generales-dutilisation\/","name":"CONDITIONS G\u00c9N\u00c9RALES - Silverline Cruises","isPartOf":{"@id":"https:\/\/silver-line.hu\/fr\/#website"},"datePublished":"2022-05-07T02:35:33+00:00","dateModified":"2022-05-09T20:26:51+00:00","breadcrumb":{"@id":"https:\/\/silver-line.hu\/fr\/conditions-generalesconditions-generales-dutilisation\/#breadcrumb"},"inLanguage":"fr-FR","potentialAction":[{"@type":"ReadAction","target":["https:\/\/silver-line.hu\/fr\/conditions-generalesconditions-generales-dutilisation\/"]}]},{"@type":"BreadcrumbList","@id":"https:\/\/silver-line.hu\/fr\/conditions-generalesconditions-generales-dutilisation\/#breadcrumb","itemListElement":[{"@type":"ListItem","position":1,"name":"Home","item":"https:\/\/silver-line.hu\/fr\/"},{"@type":"ListItem","position":2,"name":"CONDITIONS G\u00c9N\u00c9RALES"}]},{"@type":"WebSite","@id":"https:\/\/silver-line.hu\/fr\/#website","url":"https:\/\/silver-line.hu\/fr\/","name":"Silverline Cruises kft.","description":"","publisher":{"@id":"https:\/\/silver-line.hu\/fr\/#organization"},"potentialAction":[{"@type":"SearchAction","target":{"@type":"EntryPoint","urlTemplate":"https:\/\/silver-line.hu\/fr\/?s={search_term_string}"},"query-input":{"@type":"PropertyValueSpecification","valueRequired":true,"valueName":"search_term_string"}}],"inLanguage":"fr-FR"},{"@type":"Organization","@id":"https:\/\/silver-line.hu\/fr\/#organization","name":"Silverline Cruises kft.","url":"https:\/\/silver-line.hu\/fr\/","logo":{"@type":"ImageObject","inLanguage":"fr-FR","@id":"https:\/\/silver-line.hu\/fr\/#\/schema\/logo\/image\/","url":"https:\/\/silver-line.hu\/wp-content\/uploads\/2022\/05\/cropped-cropped-icon-1.webp","contentUrl":"https:\/\/silver-line.hu\/wp-content\/uploads\/2022\/05\/cropped-cropped-icon-1.webp","width":512,"height":512,"caption":"Silverline Cruises kft."},"image":{"@id":"https:\/\/silver-line.hu\/fr\/#\/schema\/logo\/image\/"},"sameAs":["https:\/\/www.facebook.com\/budapestrivercruise"]}]}},"_links":{"self":[{"href":"https:\/\/silver-line.hu\/fr\/wp-json\/wp\/v2\/pages\/363456"}],"collection":[{"href":"https:\/\/silver-line.hu\/fr\/wp-json\/wp\/v2\/pages"}],"about":[{"href":"https:\/\/silver-line.hu\/fr\/wp-json\/wp\/v2\/types\/page"}],"author":[{"embeddable":true,"href":"https:\/\/silver-line.hu\/fr\/wp-json\/wp\/v2\/users\/1"}],"replies":[{"embeddable":true,"href":"https:\/\/silver-line.hu\/fr\/wp-json\/wp\/v2\/comments?post=363456"}],"version-history":[{"count":0,"href":"https:\/\/silver-line.hu\/fr\/wp-json\/wp\/v2\/pages\/363456\/revisions"}],"wp:attachment":[{"href":"https:\/\/silver-line.hu\/fr\/wp-json\/wp\/v2\/media?parent=363456"}],"curies":[{"name":"wp","href":"https:\/\/api.w.org\/{rel}","templated":true}]}}