{"id":362685,"date":"2022-05-07T03:27:50","date_gmt":"2022-05-07T01:27:50","guid":{"rendered":"https:\/\/silver-line.hu\/?page_id=362685"},"modified":"2025-06-18T10:46:39","modified_gmt":"2025-06-18T08:46:39","slug":"pizza-es-soer-varosnezo-hajo","status":"publish","type":"page","link":"https:\/\/silver-line.hu\/hu\/pizza-es-soer-varosnezo-hajo\/","title":{"rendered":"Budapesti s\u00e9tahaj\u00f3z\u00e1s s\u00f6rrel \u00e9s pizz\u00e1val megf\u0171szerezve!"},"content":{"rendered":"","protected":false},"excerpt":{"rendered":"","protected":false},"author":1,"featured_media":0,"parent":0,"menu_order":0,"comment_status":"closed","ping_status":"closed","template":"","meta":{"footnotes":""},"yoast_head":"<!-- This site is optimized with the Yoast SEO plugin v23.9 - https:\/\/yoast.com\/wordpress\/plugins\/seo\/ -->\n<title>Budapesti s\u00e9tahaj\u00f3z\u00e1s s\u00f6rrel \u00e9s pizz\u00e1val megf\u0171szerezve!<\/title>\n<meta name=\"description\" content=\"Pizza \u00e9s s\u00f6r, t\u00f6k\u00e9letes kombin\u00e1ci\u00f3 egy kellemes program elt\u00f6lt\u00e9s\u00e9hez. Vegy\u00e9l r\u00e9szt v\u00e1rosn\u00e9z\u0151 s\u00e9tahaj\u00f3z\u00e1son, korl\u00e1tlan s\u00f6r \u00e9s egy v\u00e1laszthat\u00f3 pizza mellett!\" \/>\n<meta name=\"robots\" content=\"index, follow, max-snippet:-1, max-image-preview:large, max-video-preview:-1\" \/>\n<link rel=\"canonical\" href=\"https:\/\/silver-line.hu\/hu\/pizza-es-soer-varosnezo-hajo\/\" \/>\n<meta property=\"og:locale\" content=\"hu_HU\" \/>\n<meta property=\"og:type\" content=\"article\" \/>\n<meta property=\"og:title\" content=\"Budapesti s\u00e9tahaj\u00f3z\u00e1s s\u00f6rrel \u00e9s pizz\u00e1val megf\u0171szerezve!\" \/>\n<meta property=\"og:description\" content=\"Pizza \u00e9s s\u00f6r, t\u00f6k\u00e9letes kombin\u00e1ci\u00f3 egy kellemes program elt\u00f6lt\u00e9s\u00e9hez. Vegy\u00e9l r\u00e9szt v\u00e1rosn\u00e9z\u0151 s\u00e9tahaj\u00f3z\u00e1son, korl\u00e1tlan s\u00f6r \u00e9s egy v\u00e1laszthat\u00f3 pizza mellett!\" \/>\n<meta property=\"og:url\" content=\"https:\/\/silver-line.hu\/hu\/pizza-es-soer-varosnezo-hajo\/\" \/>\n<meta property=\"og:site_name\" content=\"Silverline Cruises\" \/>\n<meta property=\"article:publisher\" content=\"https:\/\/www.facebook.com\/budapestrivercruise\" \/>\n<meta property=\"article:modified_time\" content=\"2025-06-18T08:46:39+00:00\" \/>\n<meta property=\"og:image\" content=\"https:\/\/silver-line.hu\/wp-content\/uploads\/2022\/05\/Silverline-Cruises-1-1.webp\" \/>\n\t<meta property=\"og:image:width\" content=\"500\" \/>\n\t<meta property=\"og:image:height\" content=\"205\" \/>\n\t<meta property=\"og:image:type\" content=\"image\/webp\" \/>\n<script type=\"application\/ld+json\" class=\"yoast-schema-graph\">{\"@context\":\"https:\/\/schema.org\",\"@graph\":[{\"@type\":\"WebPage\",\"@id\":\"https:\/\/silver-line.hu\/hu\/pizza-es-soer-varosnezo-hajo\/\",\"url\":\"https:\/\/silver-line.hu\/hu\/pizza-es-soer-varosnezo-hajo\/\",\"name\":\"Budapesti s\u00e9tahaj\u00f3z\u00e1s s\u00f6rrel \u00e9s pizz\u00e1val megf\u0171szerezve!\",\"isPartOf\":{\"@id\":\"https:\/\/silver-line.hu\/hu\/#website\"},\"datePublished\":\"2022-05-07T01:27:50+00:00\",\"dateModified\":\"2025-06-18T08:46:39+00:00\",\"description\":\"Pizza \u00e9s s\u00f6r, t\u00f6k\u00e9letes kombin\u00e1ci\u00f3 egy kellemes program elt\u00f6lt\u00e9s\u00e9hez. Vegy\u00e9l r\u00e9szt v\u00e1rosn\u00e9z\u0151 s\u00e9tahaj\u00f3z\u00e1son, korl\u00e1tlan s\u00f6r \u00e9s egy v\u00e1laszthat\u00f3 pizza mellett!\",\"breadcrumb\":{\"@id\":\"https:\/\/silver-line.hu\/hu\/pizza-es-soer-varosnezo-hajo\/#breadcrumb\"},\"inLanguage\":\"hu\",\"potentialAction\":[{\"@type\":\"ReadAction\",\"target\":[\"https:\/\/silver-line.hu\/hu\/pizza-es-soer-varosnezo-hajo\/\"]}]},{\"@type\":\"BreadcrumbList\",\"@id\":\"https:\/\/silver-line.hu\/hu\/pizza-es-soer-varosnezo-hajo\/#breadcrumb\",\"itemListElement\":[{\"@type\":\"ListItem\",\"position\":1,\"name\":\"Home\",\"item\":\"https:\/\/silver-line.hu\/hu\/\"},{\"@type\":\"ListItem\",\"position\":2,\"name\":\"Budapesti s\u00e9tahaj\u00f3z\u00e1s s\u00f6rrel \u00e9s pizz\u00e1val megf\u0171szerezve!\"}]},{\"@type\":\"WebSite\",\"@id\":\"https:\/\/silver-line.hu\/hu\/#website\",\"url\":\"https:\/\/silver-line.hu\/hu\/\",\"name\":\"Silverline Cruises kft.\",\"description\":\"\",\"publisher\":{\"@id\":\"https:\/\/silver-line.hu\/hu\/#organization\"},\"potentialAction\":[{\"@type\":\"SearchAction\",\"target\":{\"@type\":\"EntryPoint\",\"urlTemplate\":\"https:\/\/silver-line.hu\/hu\/?s={search_term_string}\"},\"query-input\":{\"@type\":\"PropertyValueSpecification\",\"valueRequired\":true,\"valueName\":\"search_term_string\"}}],\"inLanguage\":\"hu\"},{\"@type\":\"Organization\",\"@id\":\"https:\/\/silver-line.hu\/hu\/#organization\",\"name\":\"Silverline Cruises kft.\",\"url\":\"https:\/\/silver-line.hu\/hu\/\",\"logo\":{\"@type\":\"ImageObject\",\"inLanguage\":\"hu\",\"@id\":\"https:\/\/silver-line.hu\/hu\/#\/schema\/logo\/image\/\",\"url\":\"https:\/\/silver-line.hu\/wp-content\/uploads\/2022\/05\/cropped-cropped-icon-1.webp\",\"contentUrl\":\"https:\/\/silver-line.hu\/wp-content\/uploads\/2022\/05\/cropped-cropped-icon-1.webp\",\"width\":512,\"height\":512,\"caption\":\"Silverline Cruises kft.\"},\"image\":{\"@id\":\"https:\/\/silver-line.hu\/hu\/#\/schema\/logo\/image\/\"},\"sameAs\":[\"https:\/\/www.facebook.com\/budapestrivercruise\"]}]}<\/script>\n<!-- \/ Yoast SEO plugin. -->","yoast_head_json":{"title":"Budapesti s\u00e9tahaj\u00f3z\u00e1s s\u00f6rrel \u00e9s pizz\u00e1val megf\u0171szerezve!","description":"Pizza \u00e9s s\u00f6r, t\u00f6k\u00e9letes kombin\u00e1ci\u00f3 egy kellemes program elt\u00f6lt\u00e9s\u00e9hez. Vegy\u00e9l r\u00e9szt v\u00e1rosn\u00e9z\u0151 s\u00e9tahaj\u00f3z\u00e1son, korl\u00e1tlan s\u00f6r \u00e9s egy v\u00e1laszthat\u00f3 pizza mellett!","robots":{"index":"index","follow":"follow","max-snippet":"max-snippet:-1","max-image-preview":"max-image-preview:large","max-video-preview":"max-video-preview:-1"},"canonical":"https:\/\/silver-line.hu\/hu\/pizza-es-soer-varosnezo-hajo\/","og_locale":"hu_HU","og_type":"article","og_title":"Budapesti s\u00e9tahaj\u00f3z\u00e1s s\u00f6rrel \u00e9s pizz\u00e1val megf\u0171szerezve!","og_description":"Pizza \u00e9s s\u00f6r, t\u00f6k\u00e9letes kombin\u00e1ci\u00f3 egy kellemes program elt\u00f6lt\u00e9s\u00e9hez. Vegy\u00e9l r\u00e9szt v\u00e1rosn\u00e9z\u0151 s\u00e9tahaj\u00f3z\u00e1son, korl\u00e1tlan s\u00f6r \u00e9s egy v\u00e1laszthat\u00f3 pizza mellett!","og_url":"https:\/\/silver-line.hu\/hu\/pizza-es-soer-varosnezo-hajo\/","og_site_name":"Silverline Cruises","article_publisher":"https:\/\/www.facebook.com\/budapestrivercruise","article_modified_time":"2025-06-18T08:46:39+00:00","og_image":[{"width":500,"height":205,"url":"https:\/\/silver-line.hu\/wp-content\/uploads\/2022\/05\/Silverline-Cruises-1-1.webp","type":"image\/webp"}],"schema":{"@context":"https:\/\/schema.org","@graph":[{"@type":"WebPage","@id":"https:\/\/silver-line.hu\/hu\/pizza-es-soer-varosnezo-hajo\/","url":"https:\/\/silver-line.hu\/hu\/pizza-es-soer-varosnezo-hajo\/","name":"Budapesti s\u00e9tahaj\u00f3z\u00e1s s\u00f6rrel \u00e9s pizz\u00e1val megf\u0171szerezve!","isPartOf":{"@id":"https:\/\/silver-line.hu\/hu\/#website"},"datePublished":"2022-05-07T01:27:50+00:00","dateModified":"2025-06-18T08:46:39+00:00","description":"Pizza \u00e9s s\u00f6r, t\u00f6k\u00e9letes kombin\u00e1ci\u00f3 egy kellemes program elt\u00f6lt\u00e9s\u00e9hez. Vegy\u00e9l r\u00e9szt v\u00e1rosn\u00e9z\u0151 s\u00e9tahaj\u00f3z\u00e1son, korl\u00e1tlan s\u00f6r \u00e9s egy v\u00e1laszthat\u00f3 pizza mellett!","breadcrumb":{"@id":"https:\/\/silver-line.hu\/hu\/pizza-es-soer-varosnezo-hajo\/#breadcrumb"},"inLanguage":"hu","potentialAction":[{"@type":"ReadAction","target":["https:\/\/silver-line.hu\/hu\/pizza-es-soer-varosnezo-hajo\/"]}]},{"@type":"BreadcrumbList","@id":"https:\/\/silver-line.hu\/hu\/pizza-es-soer-varosnezo-hajo\/#breadcrumb","itemListElement":[{"@type":"ListItem","position":1,"name":"Home","item":"https:\/\/silver-line.hu\/hu\/"},{"@type":"ListItem","position":2,"name":"Budapesti s\u00e9tahaj\u00f3z\u00e1s s\u00f6rrel \u00e9s pizz\u00e1val megf\u0171szerezve!"}]},{"@type":"WebSite","@id":"https:\/\/silver-line.hu\/hu\/#website","url":"https:\/\/silver-line.hu\/hu\/","name":"Silverline Cruises kft.","description":"","publisher":{"@id":"https:\/\/silver-line.hu\/hu\/#organization"},"potentialAction":[{"@type":"SearchAction","target":{"@type":"EntryPoint","urlTemplate":"https:\/\/silver-line.hu\/hu\/?s={search_term_string}"},"query-input":{"@type":"PropertyValueSpecification","valueRequired":true,"valueName":"search_term_string"}}],"inLanguage":"hu"},{"@type":"Organization","@id":"https:\/\/silver-line.hu\/hu\/#organization","name":"Silverline Cruises kft.","url":"https:\/\/silver-line.hu\/hu\/","logo":{"@type":"ImageObject","inLanguage":"hu","@id":"https:\/\/silver-line.hu\/hu\/#\/schema\/logo\/image\/","url":"https:\/\/silver-line.hu\/wp-content\/uploads\/2022\/05\/cropped-cropped-icon-1.webp","contentUrl":"https:\/\/silver-line.hu\/wp-content\/uploads\/2022\/05\/cropped-cropped-icon-1.webp","width":512,"height":512,"caption":"Silverline Cruises kft."},"image":{"@id":"https:\/\/silver-line.hu\/hu\/#\/schema\/logo\/image\/"},"sameAs":["https:\/\/www.facebook.com\/budapestrivercruise"]}]}},"_links":{"self":[{"href":"https:\/\/silver-line.hu\/hu\/wp-json\/wp\/v2\/pages\/362685"}],"collection":[{"href":"https:\/\/silver-line.hu\/hu\/wp-json\/wp\/v2\/pages"}],"about":[{"href":"https:\/\/silver-line.hu\/hu\/wp-json\/wp\/v2\/types\/page"}],"author":[{"embeddable":true,"href":"https:\/\/silver-line.hu\/hu\/wp-json\/wp\/v2\/users\/1"}],"replies":[{"embeddable":true,"href":"https:\/\/silver-line.hu\/hu\/wp-json\/wp\/v2\/comments?post=362685"}],"version-history":[{"count":5,"href":"https:\/\/silver-line.hu\/hu\/wp-json\/wp\/v2\/pages\/362685\/revisions"}],"predecessor-version":[{"id":1479374,"href":"https:\/\/silver-line.hu\/hu\/wp-json\/wp\/v2\/pages\/362685\/revisions\/1479374"}],"wp:attachment":[{"href":"https:\/\/silver-line.hu\/hu\/wp-json\/wp\/v2\/media?parent=362685"}],"curies":[{"name":"wp","href":"https:\/\/api.w.org\/{rel}","templated":true}]}}