{"id":362716,"date":"2022-05-07T03:16:22","date_gmt":"2022-05-07T01:16:22","guid":{"rendered":"https:\/\/silver-line.hu\/?page_id=362716"},"modified":"2024-05-10T08:53:29","modified_gmt":"2024-05-10T06:53:29","slug":"rendezvenyhelyszin-budapesten","status":"publish","type":"page","link":"https:\/\/silver-line.hu\/hu\/rendezvenyhelyszin-budapesten\/","title":{"rendered":"Rendezv\u00e9nyhelysz\u00edn Budapesten"},"content":{"rendered":"","protected":false},"excerpt":{"rendered":"","protected":false},"author":1,"featured_media":0,"parent":0,"menu_order":0,"comment_status":"closed","ping_status":"closed","template":"","meta":{"footnotes":""},"yoast_head":"<!-- This site is optimized with the Yoast SEO plugin v23.9 - https:\/\/yoast.com\/wordpress\/plugins\/seo\/ -->\n<title>Rendezv\u00e9nyhelysz\u00edn Budapesten - Silverline Cruises<\/title>\n<meta name=\"description\" content=\"Rendezv\u00e9nyhelysz\u00edn Budapesten? K\u00fcl\u00f6nleges helysz\u00ednt keresel sz\u00fclet\u00e9snapodra, romantikus le\u00e1nyk\u00e9r\u00e9sre, esk\u00fcv\u0151re, c\u00e9ges kar\u00e1csonyra! N\u00e1lunk a helyed!\" \/>\n<meta name=\"robots\" content=\"index, follow, max-snippet:-1, max-image-preview:large, max-video-preview:-1\" \/>\n<link rel=\"canonical\" href=\"https:\/\/silver-line.hu\/hu\/rendezvenyhelyszin-budapesten\/\" \/>\n<meta property=\"og:locale\" content=\"hu_HU\" \/>\n<meta property=\"og:type\" content=\"article\" \/>\n<meta property=\"og:title\" content=\"Rendezv\u00e9nyhelysz\u00edn Budapesten - Silverline Cruises\" \/>\n<meta property=\"og:description\" content=\"Rendezv\u00e9nyhelysz\u00edn Budapesten? K\u00fcl\u00f6nleges helysz\u00ednt keresel sz\u00fclet\u00e9snapodra, romantikus le\u00e1nyk\u00e9r\u00e9sre, esk\u00fcv\u0151re, c\u00e9ges kar\u00e1csonyra! N\u00e1lunk a helyed!\" \/>\n<meta property=\"og:url\" content=\"https:\/\/silver-line.hu\/hu\/rendezvenyhelyszin-budapesten\/\" \/>\n<meta property=\"og:site_name\" content=\"Silverline Cruises\" \/>\n<meta property=\"article:publisher\" content=\"https:\/\/www.facebook.com\/budapestrivercruise\" \/>\n<meta property=\"article:modified_time\" content=\"2024-05-10T06:53:29+00:00\" \/>\n<meta property=\"og:image\" content=\"https:\/\/silver-line.hu\/wp-content\/uploads\/2022\/05\/Silverline-Cruises-1-1.webp\" \/>\n\t<meta property=\"og:image:width\" content=\"500\" \/>\n\t<meta property=\"og:image:height\" content=\"205\" \/>\n\t<meta property=\"og:image:type\" content=\"image\/webp\" \/>\n<script type=\"application\/ld+json\" class=\"yoast-schema-graph\">{\"@context\":\"https:\/\/schema.org\",\"@graph\":[{\"@type\":\"WebPage\",\"@id\":\"https:\/\/silver-line.hu\/hu\/rendezvenyhelyszin-budapesten\/\",\"url\":\"https:\/\/silver-line.hu\/hu\/rendezvenyhelyszin-budapesten\/\",\"name\":\"Rendezv\u00e9nyhelysz\u00edn Budapesten - Silverline Cruises\",\"isPartOf\":{\"@id\":\"https:\/\/silver-line.hu\/hu\/#website\"},\"datePublished\":\"2022-05-07T01:16:22+00:00\",\"dateModified\":\"2024-05-10T06:53:29+00:00\",\"description\":\"Rendezv\u00e9nyhelysz\u00edn Budapesten? K\u00fcl\u00f6nleges helysz\u00ednt keresel sz\u00fclet\u00e9snapodra, romantikus le\u00e1nyk\u00e9r\u00e9sre, esk\u00fcv\u0151re, c\u00e9ges kar\u00e1csonyra! N\u00e1lunk a helyed!\",\"breadcrumb\":{\"@id\":\"https:\/\/silver-line.hu\/hu\/rendezvenyhelyszin-budapesten\/#breadcrumb\"},\"inLanguage\":\"hu\",\"potentialAction\":[{\"@type\":\"ReadAction\",\"target\":[\"https:\/\/silver-line.hu\/hu\/rendezvenyhelyszin-budapesten\/\"]}]},{\"@type\":\"BreadcrumbList\",\"@id\":\"https:\/\/silver-line.hu\/hu\/rendezvenyhelyszin-budapesten\/#breadcrumb\",\"itemListElement\":[{\"@type\":\"ListItem\",\"position\":1,\"name\":\"Home\",\"item\":\"https:\/\/silver-line.hu\/hu\/\"},{\"@type\":\"ListItem\",\"position\":2,\"name\":\"Rendezv\u00e9nyhelysz\u00edn Budapesten\"}]},{\"@type\":\"WebSite\",\"@id\":\"https:\/\/silver-line.hu\/hu\/#website\",\"url\":\"https:\/\/silver-line.hu\/hu\/\",\"name\":\"Silverline Cruises kft.\",\"description\":\"\",\"publisher\":{\"@id\":\"https:\/\/silver-line.hu\/hu\/#organization\"},\"potentialAction\":[{\"@type\":\"SearchAction\",\"target\":{\"@type\":\"EntryPoint\",\"urlTemplate\":\"https:\/\/silver-line.hu\/hu\/?s={search_term_string}\"},\"query-input\":{\"@type\":\"PropertyValueSpecification\",\"valueRequired\":true,\"valueName\":\"search_term_string\"}}],\"inLanguage\":\"hu\"},{\"@type\":\"Organization\",\"@id\":\"https:\/\/silver-line.hu\/hu\/#organization\",\"name\":\"Silverline Cruises kft.\",\"url\":\"https:\/\/silver-line.hu\/hu\/\",\"logo\":{\"@type\":\"ImageObject\",\"inLanguage\":\"hu\",\"@id\":\"https:\/\/silver-line.hu\/hu\/#\/schema\/logo\/image\/\",\"url\":\"https:\/\/silver-line.hu\/wp-content\/uploads\/2022\/05\/cropped-cropped-icon-1.webp\",\"contentUrl\":\"https:\/\/silver-line.hu\/wp-content\/uploads\/2022\/05\/cropped-cropped-icon-1.webp\",\"width\":512,\"height\":512,\"caption\":\"Silverline Cruises kft.\"},\"image\":{\"@id\":\"https:\/\/silver-line.hu\/hu\/#\/schema\/logo\/image\/\"},\"sameAs\":[\"https:\/\/www.facebook.com\/budapestrivercruise\"]}]}<\/script>\n<!-- \/ Yoast SEO plugin. -->","yoast_head_json":{"title":"Rendezv\u00e9nyhelysz\u00edn Budapesten - Silverline Cruises","description":"Rendezv\u00e9nyhelysz\u00edn Budapesten? K\u00fcl\u00f6nleges helysz\u00ednt keresel sz\u00fclet\u00e9snapodra, romantikus le\u00e1nyk\u00e9r\u00e9sre, esk\u00fcv\u0151re, c\u00e9ges kar\u00e1csonyra! N\u00e1lunk a helyed!","robots":{"index":"index","follow":"follow","max-snippet":"max-snippet:-1","max-image-preview":"max-image-preview:large","max-video-preview":"max-video-preview:-1"},"canonical":"https:\/\/silver-line.hu\/hu\/rendezvenyhelyszin-budapesten\/","og_locale":"hu_HU","og_type":"article","og_title":"Rendezv\u00e9nyhelysz\u00edn Budapesten - Silverline Cruises","og_description":"Rendezv\u00e9nyhelysz\u00edn Budapesten? K\u00fcl\u00f6nleges helysz\u00ednt keresel sz\u00fclet\u00e9snapodra, romantikus le\u00e1nyk\u00e9r\u00e9sre, esk\u00fcv\u0151re, c\u00e9ges kar\u00e1csonyra! N\u00e1lunk a helyed!","og_url":"https:\/\/silver-line.hu\/hu\/rendezvenyhelyszin-budapesten\/","og_site_name":"Silverline Cruises","article_publisher":"https:\/\/www.facebook.com\/budapestrivercruise","article_modified_time":"2024-05-10T06:53:29+00:00","og_image":[{"width":500,"height":205,"url":"https:\/\/silver-line.hu\/wp-content\/uploads\/2022\/05\/Silverline-Cruises-1-1.webp","type":"image\/webp"}],"schema":{"@context":"https:\/\/schema.org","@graph":[{"@type":"WebPage","@id":"https:\/\/silver-line.hu\/hu\/rendezvenyhelyszin-budapesten\/","url":"https:\/\/silver-line.hu\/hu\/rendezvenyhelyszin-budapesten\/","name":"Rendezv\u00e9nyhelysz\u00edn Budapesten - Silverline Cruises","isPartOf":{"@id":"https:\/\/silver-line.hu\/hu\/#website"},"datePublished":"2022-05-07T01:16:22+00:00","dateModified":"2024-05-10T06:53:29+00:00","description":"Rendezv\u00e9nyhelysz\u00edn Budapesten? K\u00fcl\u00f6nleges helysz\u00ednt keresel sz\u00fclet\u00e9snapodra, romantikus le\u00e1nyk\u00e9r\u00e9sre, esk\u00fcv\u0151re, c\u00e9ges kar\u00e1csonyra! N\u00e1lunk a helyed!","breadcrumb":{"@id":"https:\/\/silver-line.hu\/hu\/rendezvenyhelyszin-budapesten\/#breadcrumb"},"inLanguage":"hu","potentialAction":[{"@type":"ReadAction","target":["https:\/\/silver-line.hu\/hu\/rendezvenyhelyszin-budapesten\/"]}]},{"@type":"BreadcrumbList","@id":"https:\/\/silver-line.hu\/hu\/rendezvenyhelyszin-budapesten\/#breadcrumb","itemListElement":[{"@type":"ListItem","position":1,"name":"Home","item":"https:\/\/silver-line.hu\/hu\/"},{"@type":"ListItem","position":2,"name":"Rendezv\u00e9nyhelysz\u00edn Budapesten"}]},{"@type":"WebSite","@id":"https:\/\/silver-line.hu\/hu\/#website","url":"https:\/\/silver-line.hu\/hu\/","name":"Silverline Cruises kft.","description":"","publisher":{"@id":"https:\/\/silver-line.hu\/hu\/#organization"},"potentialAction":[{"@type":"SearchAction","target":{"@type":"EntryPoint","urlTemplate":"https:\/\/silver-line.hu\/hu\/?s={search_term_string}"},"query-input":{"@type":"PropertyValueSpecification","valueRequired":true,"valueName":"search_term_string"}}],"inLanguage":"hu"},{"@type":"Organization","@id":"https:\/\/silver-line.hu\/hu\/#organization","name":"Silverline Cruises kft.","url":"https:\/\/silver-line.hu\/hu\/","logo":{"@type":"ImageObject","inLanguage":"hu","@id":"https:\/\/silver-line.hu\/hu\/#\/schema\/logo\/image\/","url":"https:\/\/silver-line.hu\/wp-content\/uploads\/2022\/05\/cropped-cropped-icon-1.webp","contentUrl":"https:\/\/silver-line.hu\/wp-content\/uploads\/2022\/05\/cropped-cropped-icon-1.webp","width":512,"height":512,"caption":"Silverline Cruises kft."},"image":{"@id":"https:\/\/silver-line.hu\/hu\/#\/schema\/logo\/image\/"},"sameAs":["https:\/\/www.facebook.com\/budapestrivercruise"]}]}},"_links":{"self":[{"href":"https:\/\/silver-line.hu\/hu\/wp-json\/wp\/v2\/pages\/362716"}],"collection":[{"href":"https:\/\/silver-line.hu\/hu\/wp-json\/wp\/v2\/pages"}],"about":[{"href":"https:\/\/silver-line.hu\/hu\/wp-json\/wp\/v2\/types\/page"}],"author":[{"embeddable":true,"href":"https:\/\/silver-line.hu\/hu\/wp-json\/wp\/v2\/users\/1"}],"replies":[{"embeddable":true,"href":"https:\/\/silver-line.hu\/hu\/wp-json\/wp\/v2\/comments?post=362716"}],"version-history":[{"count":2,"href":"https:\/\/silver-line.hu\/hu\/wp-json\/wp\/v2\/pages\/362716\/revisions"}],"predecessor-version":[{"id":1255028,"href":"https:\/\/silver-line.hu\/hu\/wp-json\/wp\/v2\/pages\/362716\/revisions\/1255028"}],"wp:attachment":[{"href":"https:\/\/silver-line.hu\/hu\/wp-json\/wp\/v2\/media?parent=362716"}],"curies":[{"name":"wp","href":"https:\/\/api.w.org\/{rel}","templated":true}]}}