{"id":362754,"date":"2022-05-07T03:33:51","date_gmt":"2022-05-07T01:33:51","guid":{"rendered":"https:\/\/silver-line.hu\/?page_id=362754"},"modified":"2026-02-17T11:12:12","modified_gmt":"2026-02-17T10:12:12","slug":"setahajo-budapest-hajos-varosnezes","status":"publish","type":"page","link":"https:\/\/silver-line.hu\/hu\/setahajo-budapest-hajos-varosnezes\/","title":{"rendered":"S\u00e9tahaj\u00f3z\u00e1s Budapesten &#8211; V\u00e1rosn\u00e9z\u0151 haj\u00f3"},"content":{"rendered":"","protected":false},"excerpt":{"rendered":"","protected":false},"author":1,"featured_media":580126,"parent":0,"menu_order":0,"comment_status":"closed","ping_status":"closed","template":"","meta":{"footnotes":""},"yoast_head":"<!-- This site is optimized with the Yoast SEO plugin v23.9 - https:\/\/yoast.com\/wordpress\/plugins\/seo\/ -->\n<title>S\u00e9tahaj\u00f3 Budapest - Dunai haj\u00f3z\u00e1s Budapest sz\u00edv\u00e9ben<\/title>\n<meta name=\"description\" content=\"A Dunai haj\u00f3z\u00e1s felejthetetlen \u00e9lm\u00e9nyt ny\u00fajt, hisz a s\u00e9tahaj\u00f3 Budapest l\u00e1tv\u00e1nyoss\u00e1gait j\u00e1rja k\u00f6rbe a Duna viz\u00e9n.\" \/>\n<meta name=\"robots\" content=\"index, follow, max-snippet:-1, max-image-preview:large, max-video-preview:-1\" \/>\n<link rel=\"canonical\" href=\"https:\/\/silver-line.hu\/hu\/setahajo-budapest-hajos-varosnezes\/\" \/>\n<meta property=\"og:locale\" content=\"hu_HU\" \/>\n<meta property=\"og:type\" content=\"article\" \/>\n<meta property=\"og:title\" content=\"S\u00e9tahaj\u00f3 Budapest - Dunai haj\u00f3z\u00e1s Budapest sz\u00edv\u00e9ben\" \/>\n<meta property=\"og:description\" content=\"A Dunai haj\u00f3z\u00e1s felejthetetlen \u00e9lm\u00e9nyt ny\u00fajt, hisz a s\u00e9tahaj\u00f3 Budapest l\u00e1tv\u00e1nyoss\u00e1gait j\u00e1rja k\u00f6rbe a Duna viz\u00e9n.\" \/>\n<meta property=\"og:url\" content=\"https:\/\/silver-line.hu\/hu\/setahajo-budapest-hajos-varosnezes\/\" \/>\n<meta property=\"og:site_name\" content=\"Silverline Cruises\" \/>\n<meta property=\"article:publisher\" content=\"https:\/\/www.facebook.com\/budapestrivercruise\" \/>\n<meta property=\"article:modified_time\" content=\"2026-02-17T10:12:12+00:00\" \/>\n<meta property=\"og:image\" content=\"https:\/\/silver-line.hu\/wp-content\/uploads\/2022\/10\/145.jpg\" \/>\n\t<meta property=\"og:image:width\" content=\"959\" \/>\n\t<meta property=\"og:image:height\" content=\"640\" \/>\n\t<meta property=\"og:image:type\" content=\"image\/jpeg\" \/>\n<script type=\"application\/ld+json\" class=\"yoast-schema-graph\">{\"@context\":\"https:\/\/schema.org\",\"@graph\":[{\"@type\":\"WebPage\",\"@id\":\"https:\/\/silver-line.hu\/hu\/setahajo-budapest-hajos-varosnezes\/\",\"url\":\"https:\/\/silver-line.hu\/hu\/setahajo-budapest-hajos-varosnezes\/\",\"name\":\"S\u00e9tahaj\u00f3 Budapest - Dunai haj\u00f3z\u00e1s Budapest sz\u00edv\u00e9ben\",\"isPartOf\":{\"@id\":\"https:\/\/silver-line.hu\/hu\/#website\"},\"primaryImageOfPage\":{\"@id\":\"https:\/\/silver-line.hu\/hu\/setahajo-budapest-hajos-varosnezes\/#primaryimage\"},\"image\":{\"@id\":\"https:\/\/silver-line.hu\/hu\/setahajo-budapest-hajos-varosnezes\/#primaryimage\"},\"thumbnailUrl\":\"https:\/\/silver-line.hu\/wp-content\/uploads\/2022\/10\/145.jpg\",\"datePublished\":\"2022-05-07T01:33:51+00:00\",\"dateModified\":\"2026-02-17T10:12:12+00:00\",\"description\":\"A Dunai haj\u00f3z\u00e1s felejthetetlen \u00e9lm\u00e9nyt ny\u00fajt, hisz a s\u00e9tahaj\u00f3 Budapest l\u00e1tv\u00e1nyoss\u00e1gait j\u00e1rja k\u00f6rbe a Duna viz\u00e9n.\",\"breadcrumb\":{\"@id\":\"https:\/\/silver-line.hu\/hu\/setahajo-budapest-hajos-varosnezes\/#breadcrumb\"},\"inLanguage\":\"hu\",\"potentialAction\":[{\"@type\":\"ReadAction\",\"target\":[\"https:\/\/silver-line.hu\/hu\/setahajo-budapest-hajos-varosnezes\/\"]}]},{\"@type\":\"ImageObject\",\"inLanguage\":\"hu\",\"@id\":\"https:\/\/silver-line.hu\/hu\/setahajo-budapest-hajos-varosnezes\/#primaryimage\",\"url\":\"https:\/\/silver-line.hu\/wp-content\/uploads\/2022\/10\/145.jpg\",\"contentUrl\":\"https:\/\/silver-line.hu\/wp-content\/uploads\/2022\/10\/145.jpg\",\"width\":959,\"height\":640},{\"@type\":\"BreadcrumbList\",\"@id\":\"https:\/\/silver-line.hu\/hu\/setahajo-budapest-hajos-varosnezes\/#breadcrumb\",\"itemListElement\":[{\"@type\":\"ListItem\",\"position\":1,\"name\":\"Home\",\"item\":\"https:\/\/silver-line.hu\/hu\/\"},{\"@type\":\"ListItem\",\"position\":2,\"name\":\"S\u00e9tahaj\u00f3z\u00e1s Budapesten &#8211; V\u00e1rosn\u00e9z\u0151 haj\u00f3\"}]},{\"@type\":\"WebSite\",\"@id\":\"https:\/\/silver-line.hu\/hu\/#website\",\"url\":\"https:\/\/silver-line.hu\/hu\/\",\"name\":\"Silverline Cruises kft.\",\"description\":\"\",\"publisher\":{\"@id\":\"https:\/\/silver-line.hu\/hu\/#organization\"},\"potentialAction\":[{\"@type\":\"SearchAction\",\"target\":{\"@type\":\"EntryPoint\",\"urlTemplate\":\"https:\/\/silver-line.hu\/hu\/?s={search_term_string}\"},\"query-input\":{\"@type\":\"PropertyValueSpecification\",\"valueRequired\":true,\"valueName\":\"search_term_string\"}}],\"inLanguage\":\"hu\"},{\"@type\":\"Organization\",\"@id\":\"https:\/\/silver-line.hu\/hu\/#organization\",\"name\":\"Silverline Cruises kft.\",\"url\":\"https:\/\/silver-line.hu\/hu\/\",\"logo\":{\"@type\":\"ImageObject\",\"inLanguage\":\"hu\",\"@id\":\"https:\/\/silver-line.hu\/hu\/#\/schema\/logo\/image\/\",\"url\":\"https:\/\/silver-line.hu\/wp-content\/uploads\/2022\/05\/cropped-cropped-icon-1.webp\",\"contentUrl\":\"https:\/\/silver-line.hu\/wp-content\/uploads\/2022\/05\/cropped-cropped-icon-1.webp\",\"width\":512,\"height\":512,\"caption\":\"Silverline Cruises kft.\"},\"image\":{\"@id\":\"https:\/\/silver-line.hu\/hu\/#\/schema\/logo\/image\/\"},\"sameAs\":[\"https:\/\/www.facebook.com\/budapestrivercruise\"]}]}<\/script>\n<!-- \/ Yoast SEO plugin. -->","yoast_head_json":{"title":"S\u00e9tahaj\u00f3 Budapest - Dunai haj\u00f3z\u00e1s Budapest sz\u00edv\u00e9ben","description":"A Dunai haj\u00f3z\u00e1s felejthetetlen \u00e9lm\u00e9nyt ny\u00fajt, hisz a s\u00e9tahaj\u00f3 Budapest l\u00e1tv\u00e1nyoss\u00e1gait j\u00e1rja k\u00f6rbe a Duna viz\u00e9n.","robots":{"index":"index","follow":"follow","max-snippet":"max-snippet:-1","max-image-preview":"max-image-preview:large","max-video-preview":"max-video-preview:-1"},"canonical":"https:\/\/silver-line.hu\/hu\/setahajo-budapest-hajos-varosnezes\/","og_locale":"hu_HU","og_type":"article","og_title":"S\u00e9tahaj\u00f3 Budapest - Dunai haj\u00f3z\u00e1s Budapest sz\u00edv\u00e9ben","og_description":"A Dunai haj\u00f3z\u00e1s felejthetetlen \u00e9lm\u00e9nyt ny\u00fajt, hisz a s\u00e9tahaj\u00f3 Budapest l\u00e1tv\u00e1nyoss\u00e1gait j\u00e1rja k\u00f6rbe a Duna viz\u00e9n.","og_url":"https:\/\/silver-line.hu\/hu\/setahajo-budapest-hajos-varosnezes\/","og_site_name":"Silverline Cruises","article_publisher":"https:\/\/www.facebook.com\/budapestrivercruise","article_modified_time":"2026-02-17T10:12:12+00:00","og_image":[{"width":959,"height":640,"url":"https:\/\/silver-line.hu\/wp-content\/uploads\/2022\/10\/145.jpg","type":"image\/jpeg"}],"schema":{"@context":"https:\/\/schema.org","@graph":[{"@type":"WebPage","@id":"https:\/\/silver-line.hu\/hu\/setahajo-budapest-hajos-varosnezes\/","url":"https:\/\/silver-line.hu\/hu\/setahajo-budapest-hajos-varosnezes\/","name":"S\u00e9tahaj\u00f3 Budapest - Dunai haj\u00f3z\u00e1s Budapest sz\u00edv\u00e9ben","isPartOf":{"@id":"https:\/\/silver-line.hu\/hu\/#website"},"primaryImageOfPage":{"@id":"https:\/\/silver-line.hu\/hu\/setahajo-budapest-hajos-varosnezes\/#primaryimage"},"image":{"@id":"https:\/\/silver-line.hu\/hu\/setahajo-budapest-hajos-varosnezes\/#primaryimage"},"thumbnailUrl":"https:\/\/silver-line.hu\/wp-content\/uploads\/2022\/10\/145.jpg","datePublished":"2022-05-07T01:33:51+00:00","dateModified":"2026-02-17T10:12:12+00:00","description":"A Dunai haj\u00f3z\u00e1s felejthetetlen \u00e9lm\u00e9nyt ny\u00fajt, hisz a s\u00e9tahaj\u00f3 Budapest l\u00e1tv\u00e1nyoss\u00e1gait j\u00e1rja k\u00f6rbe a Duna viz\u00e9n.","breadcrumb":{"@id":"https:\/\/silver-line.hu\/hu\/setahajo-budapest-hajos-varosnezes\/#breadcrumb"},"inLanguage":"hu","potentialAction":[{"@type":"ReadAction","target":["https:\/\/silver-line.hu\/hu\/setahajo-budapest-hajos-varosnezes\/"]}]},{"@type":"ImageObject","inLanguage":"hu","@id":"https:\/\/silver-line.hu\/hu\/setahajo-budapest-hajos-varosnezes\/#primaryimage","url":"https:\/\/silver-line.hu\/wp-content\/uploads\/2022\/10\/145.jpg","contentUrl":"https:\/\/silver-line.hu\/wp-content\/uploads\/2022\/10\/145.jpg","width":959,"height":640},{"@type":"BreadcrumbList","@id":"https:\/\/silver-line.hu\/hu\/setahajo-budapest-hajos-varosnezes\/#breadcrumb","itemListElement":[{"@type":"ListItem","position":1,"name":"Home","item":"https:\/\/silver-line.hu\/hu\/"},{"@type":"ListItem","position":2,"name":"S\u00e9tahaj\u00f3z\u00e1s Budapesten &#8211; V\u00e1rosn\u00e9z\u0151 haj\u00f3"}]},{"@type":"WebSite","@id":"https:\/\/silver-line.hu\/hu\/#website","url":"https:\/\/silver-line.hu\/hu\/","name":"Silverline Cruises kft.","description":"","publisher":{"@id":"https:\/\/silver-line.hu\/hu\/#organization"},"potentialAction":[{"@type":"SearchAction","target":{"@type":"EntryPoint","urlTemplate":"https:\/\/silver-line.hu\/hu\/?s={search_term_string}"},"query-input":{"@type":"PropertyValueSpecification","valueRequired":true,"valueName":"search_term_string"}}],"inLanguage":"hu"},{"@type":"Organization","@id":"https:\/\/silver-line.hu\/hu\/#organization","name":"Silverline Cruises kft.","url":"https:\/\/silver-line.hu\/hu\/","logo":{"@type":"ImageObject","inLanguage":"hu","@id":"https:\/\/silver-line.hu\/hu\/#\/schema\/logo\/image\/","url":"https:\/\/silver-line.hu\/wp-content\/uploads\/2022\/05\/cropped-cropped-icon-1.webp","contentUrl":"https:\/\/silver-line.hu\/wp-content\/uploads\/2022\/05\/cropped-cropped-icon-1.webp","width":512,"height":512,"caption":"Silverline Cruises kft."},"image":{"@id":"https:\/\/silver-line.hu\/hu\/#\/schema\/logo\/image\/"},"sameAs":["https:\/\/www.facebook.com\/budapestrivercruise"]}]}},"_links":{"self":[{"href":"https:\/\/silver-line.hu\/hu\/wp-json\/wp\/v2\/pages\/362754"}],"collection":[{"href":"https:\/\/silver-line.hu\/hu\/wp-json\/wp\/v2\/pages"}],"about":[{"href":"https:\/\/silver-line.hu\/hu\/wp-json\/wp\/v2\/types\/page"}],"author":[{"embeddable":true,"href":"https:\/\/silver-line.hu\/hu\/wp-json\/wp\/v2\/users\/1"}],"replies":[{"embeddable":true,"href":"https:\/\/silver-line.hu\/hu\/wp-json\/wp\/v2\/comments?post=362754"}],"version-history":[{"count":5,"href":"https:\/\/silver-line.hu\/hu\/wp-json\/wp\/v2\/pages\/362754\/revisions"}],"predecessor-version":[{"id":1663263,"href":"https:\/\/silver-line.hu\/hu\/wp-json\/wp\/v2\/pages\/362754\/revisions\/1663263"}],"wp:featuredmedia":[{"embeddable":true,"href":"https:\/\/silver-line.hu\/hu\/wp-json\/wp\/v2\/media\/580126"}],"wp:attachment":[{"href":"https:\/\/silver-line.hu\/hu\/wp-json\/wp\/v2\/media?parent=362754"}],"curies":[{"name":"wp","href":"https:\/\/api.w.org\/{rel}","templated":true}]}}