{"id":1563533,"date":"2025-09-26T08:23:08","date_gmt":"2025-09-26T06:23:08","guid":{"rendered":"https:\/\/silver-line.hu\/?post_type=product&#038;p=1563533"},"modified":"2026-03-16T10:51:49","modified_gmt":"2026-03-16T09:51:49","slug":"neobmedzena-plavba-s-varenym-vinom","status":"publish","type":"product","link":"https:\/\/silver-line.hu\/sk\/produkt\/neobmedzena-plavba-s-varenym-vinom\/","title":{"rendered":"Neobmedzen\u00e1 plavba s varen\u00fdm v\u00ednom"},"content":{"rendered":"","protected":false},"excerpt":{"rendered":"<p><span style=\"color: green\">Ceny sa l\u00ed\u0161ia v z\u00e1vislosti od \u010dasu a d\u0148a v t\u00fd\u017edni, pri\u010dom no\u010dn\u00e9 ceny za\u010d\u00ednaj\u00fa od 18:00<\/span><\/p>\n<p><strong style=\"color:#00a1ff\">Sez\u00f3na Mulled Wine Cruise sa skon\u010dila.<\/strong><br \/>\nS pr\u00edchodom jari ju nahr\u00e1dza n\u00e1\u0161 osvie\u017euj\u00faci <strong>Slushy Cruise<\/strong>.<br \/>\nAk pl\u00e1nujete plavbu v apr\u00edli, svoje miesta si u\u017e m\u00f4\u017eete rezervova\u0165.<\/p>\n<p><a style=\"background-color:#00a1ff;color:white;border-radius:20px;padding:5px 10px;\" href=\"https:\/\/silver-line.hu\/sk\/produkt\/plavba-s-neobmedzenou-ladovou-drtou\/\">Rezervujte si Slushy Cruise \u00bb<\/a><\/p>\n","protected":false},"featured_media":1648133,"template":"","meta":[],"product_cat":[120,90],"product_tag":[],"exclude_global_add_ons":[],"addons":[],"yoast_head":"<!-- This site is optimized with the Yoast SEO plugin v23.9 - https:\/\/yoast.com\/wordpress\/plugins\/seo\/ -->\n<title>Neobmedzen\u00e1 plavba s varen\u00fdm v\u00ednom - Silverline Cruises<\/title>\n<meta name=\"robots\" content=\"noindex, nofollow\" \/>\n<meta property=\"og:locale\" content=\"sk_SK\" \/>\n<meta property=\"og:type\" content=\"article\" \/>\n<meta property=\"og:title\" content=\"Neobmedzen\u00e1 plavba s varen\u00fdm v\u00ednom - Silverline Cruises\" \/>\n<meta property=\"og:description\" content=\"Ceny sa l\u00ed\u0161ia v z\u00e1vislosti od \u010dasu a d\u0148a v t\u00fd\u017edni, pri\u010dom no\u010dn\u00e9 ceny za\u010d\u00ednaj\u00fa od 18:00  Sez\u00f3na Mulled Wine Cruise sa skon\u010dila. S pr\u00edchodom jari ju nahr\u00e1dza n\u00e1\u0161 osvie\u017euj\u00faci Slushy Cruise. Ak pl\u00e1nujete plavbu v apr\u00edli, svoje miesta si u\u017e m\u00f4\u017eete rezervova\u0165.  Rezervujte si Slushy Cruise \u00bb\" \/>\n<meta property=\"og:url\" content=\"https:\/\/silver-line.hu\/sk\/produkt\/neobmedzena-plavba-s-varenym-vinom\/\" \/>\n<meta property=\"og:site_name\" content=\"Silverline Cruises\" \/>\n<meta property=\"article:publisher\" content=\"https:\/\/www.facebook.com\/budapestrivercruise\" \/>\n<meta property=\"article:modified_time\" content=\"2026-03-16T09:51:49+00:00\" \/>\n<meta property=\"og:image\" content=\"https:\/\/silver-line.hu\/wp-content\/uploads\/2025\/09\/Unlimited-Mulled-Wine-Cruise.jpg\" \/>\n\t<meta property=\"og:image:width\" content=\"600\" \/>\n\t<meta property=\"og:image:height\" content=\"600\" \/>\n\t<meta property=\"og:image:type\" content=\"image\/jpeg\" \/>\n<script type=\"application\/ld+json\" class=\"yoast-schema-graph\">{\"@context\":\"https:\/\/schema.org\",\"@graph\":[{\"@type\":\"WebPage\",\"@id\":\"https:\/\/silver-line.hu\/sk\/produkt\/neobmedzena-plavba-s-varenym-vinom\/\",\"url\":\"https:\/\/silver-line.hu\/sk\/produkt\/neobmedzena-plavba-s-varenym-vinom\/\",\"name\":\"Neobmedzen\u00e1 plavba s varen\u00fdm v\u00ednom - Silverline Cruises\",\"isPartOf\":{\"@id\":\"https:\/\/silver-line.hu\/sk\/#website\"},\"primaryImageOfPage\":{\"@id\":\"https:\/\/silver-line.hu\/sk\/produkt\/neobmedzena-plavba-s-varenym-vinom\/#primaryimage\"},\"image\":{\"@id\":\"https:\/\/silver-line.hu\/sk\/produkt\/neobmedzena-plavba-s-varenym-vinom\/#primaryimage\"},\"thumbnailUrl\":\"https:\/\/silver-line.hu\/wp-content\/uploads\/2025\/09\/Unlimited-Mulled-Wine-Cruise.jpg\",\"datePublished\":\"2025-09-26T06:23:08+00:00\",\"dateModified\":\"2026-03-16T09:51:49+00:00\",\"breadcrumb\":{\"@id\":\"https:\/\/silver-line.hu\/sk\/produkt\/neobmedzena-plavba-s-varenym-vinom\/#breadcrumb\"},\"inLanguage\":\"sk-SK\",\"potentialAction\":[{\"@type\":\"ReadAction\",\"target\":[\"https:\/\/silver-line.hu\/sk\/produkt\/neobmedzena-plavba-s-varenym-vinom\/\"]}]},{\"@type\":\"ImageObject\",\"inLanguage\":\"sk-SK\",\"@id\":\"https:\/\/silver-line.hu\/sk\/produkt\/neobmedzena-plavba-s-varenym-vinom\/#primaryimage\",\"url\":\"https:\/\/silver-line.hu\/wp-content\/uploads\/2025\/09\/Unlimited-Mulled-Wine-Cruise.jpg\",\"contentUrl\":\"https:\/\/silver-line.hu\/wp-content\/uploads\/2025\/09\/Unlimited-Mulled-Wine-Cruise.jpg\",\"width\":600,\"height\":600,\"caption\":\"Unlimited Mulled Wine Cruise\"},{\"@type\":\"BreadcrumbList\",\"@id\":\"https:\/\/silver-line.hu\/sk\/produkt\/neobmedzena-plavba-s-varenym-vinom\/#breadcrumb\",\"itemListElement\":[{\"@type\":\"ListItem\",\"position\":1,\"name\":\"Home\",\"item\":\"https:\/\/silver-line.hu\/sk\/\"},{\"@type\":\"ListItem\",\"position\":2,\"name\":\"Shop\",\"item\":\"https:\/\/silver-line.hu\/sk\/shop-2\/\"},{\"@type\":\"ListItem\",\"position\":3,\"name\":\"Neobmedzen\u00e1 plavba s varen\u00fdm v\u00ednom\"}]},{\"@type\":\"WebSite\",\"@id\":\"https:\/\/silver-line.hu\/sk\/#website\",\"url\":\"https:\/\/silver-line.hu\/sk\/\",\"name\":\"Silverline Cruises kft.\",\"description\":\"\",\"publisher\":{\"@id\":\"https:\/\/silver-line.hu\/sk\/#organization\"},\"potentialAction\":[{\"@type\":\"SearchAction\",\"target\":{\"@type\":\"EntryPoint\",\"urlTemplate\":\"https:\/\/silver-line.hu\/sk\/?s={search_term_string}\"},\"query-input\":{\"@type\":\"PropertyValueSpecification\",\"valueRequired\":true,\"valueName\":\"search_term_string\"}}],\"inLanguage\":\"sk-SK\"},{\"@type\":\"Organization\",\"@id\":\"https:\/\/silver-line.hu\/sk\/#organization\",\"name\":\"Silverline Cruises kft.\",\"url\":\"https:\/\/silver-line.hu\/sk\/\",\"logo\":{\"@type\":\"ImageObject\",\"inLanguage\":\"sk-SK\",\"@id\":\"https:\/\/silver-line.hu\/sk\/#\/schema\/logo\/image\/\",\"url\":\"https:\/\/silver-line.hu\/wp-content\/uploads\/2022\/05\/cropped-cropped-icon-1.webp\",\"contentUrl\":\"https:\/\/silver-line.hu\/wp-content\/uploads\/2022\/05\/cropped-cropped-icon-1.webp\",\"width\":512,\"height\":512,\"caption\":\"Silverline Cruises kft.\"},\"image\":{\"@id\":\"https:\/\/silver-line.hu\/sk\/#\/schema\/logo\/image\/\"},\"sameAs\":[\"https:\/\/www.facebook.com\/budapestrivercruise\"]}]}<\/script>\n<!-- \/ Yoast SEO plugin. -->","yoast_head_json":{"title":"Neobmedzen\u00e1 plavba s varen\u00fdm v\u00ednom - Silverline Cruises","robots":{"index":"noindex","follow":"nofollow"},"og_locale":"sk_SK","og_type":"article","og_title":"Neobmedzen\u00e1 plavba s varen\u00fdm v\u00ednom - Silverline Cruises","og_description":"Ceny sa l\u00ed\u0161ia v z\u00e1vislosti od \u010dasu a d\u0148a v t\u00fd\u017edni, pri\u010dom no\u010dn\u00e9 ceny za\u010d\u00ednaj\u00fa od 18:00  Sez\u00f3na Mulled Wine Cruise sa skon\u010dila. S pr\u00edchodom jari ju nahr\u00e1dza n\u00e1\u0161 osvie\u017euj\u00faci Slushy Cruise. Ak pl\u00e1nujete plavbu v apr\u00edli, svoje miesta si u\u017e m\u00f4\u017eete rezervova\u0165.  Rezervujte si Slushy Cruise \u00bb","og_url":"https:\/\/silver-line.hu\/sk\/produkt\/neobmedzena-plavba-s-varenym-vinom\/","og_site_name":"Silverline Cruises","article_publisher":"https:\/\/www.facebook.com\/budapestrivercruise","article_modified_time":"2026-03-16T09:51:49+00:00","og_image":[{"width":600,"height":600,"url":"https:\/\/silver-line.hu\/wp-content\/uploads\/2025\/09\/Unlimited-Mulled-Wine-Cruise.jpg","type":"image\/jpeg"}],"schema":{"@context":"https:\/\/schema.org","@graph":[{"@type":"WebPage","@id":"https:\/\/silver-line.hu\/sk\/produkt\/neobmedzena-plavba-s-varenym-vinom\/","url":"https:\/\/silver-line.hu\/sk\/produkt\/neobmedzena-plavba-s-varenym-vinom\/","name":"Neobmedzen\u00e1 plavba s varen\u00fdm v\u00ednom - Silverline Cruises","isPartOf":{"@id":"https:\/\/silver-line.hu\/sk\/#website"},"primaryImageOfPage":{"@id":"https:\/\/silver-line.hu\/sk\/produkt\/neobmedzena-plavba-s-varenym-vinom\/#primaryimage"},"image":{"@id":"https:\/\/silver-line.hu\/sk\/produkt\/neobmedzena-plavba-s-varenym-vinom\/#primaryimage"},"thumbnailUrl":"https:\/\/silver-line.hu\/wp-content\/uploads\/2025\/09\/Unlimited-Mulled-Wine-Cruise.jpg","datePublished":"2025-09-26T06:23:08+00:00","dateModified":"2026-03-16T09:51:49+00:00","breadcrumb":{"@id":"https:\/\/silver-line.hu\/sk\/produkt\/neobmedzena-plavba-s-varenym-vinom\/#breadcrumb"},"inLanguage":"sk-SK","potentialAction":[{"@type":"ReadAction","target":["https:\/\/silver-line.hu\/sk\/produkt\/neobmedzena-plavba-s-varenym-vinom\/"]}]},{"@type":"ImageObject","inLanguage":"sk-SK","@id":"https:\/\/silver-line.hu\/sk\/produkt\/neobmedzena-plavba-s-varenym-vinom\/#primaryimage","url":"https:\/\/silver-line.hu\/wp-content\/uploads\/2025\/09\/Unlimited-Mulled-Wine-Cruise.jpg","contentUrl":"https:\/\/silver-line.hu\/wp-content\/uploads\/2025\/09\/Unlimited-Mulled-Wine-Cruise.jpg","width":600,"height":600,"caption":"Unlimited Mulled Wine Cruise"},{"@type":"BreadcrumbList","@id":"https:\/\/silver-line.hu\/sk\/produkt\/neobmedzena-plavba-s-varenym-vinom\/#breadcrumb","itemListElement":[{"@type":"ListItem","position":1,"name":"Home","item":"https:\/\/silver-line.hu\/sk\/"},{"@type":"ListItem","position":2,"name":"Shop","item":"https:\/\/silver-line.hu\/sk\/shop-2\/"},{"@type":"ListItem","position":3,"name":"Neobmedzen\u00e1 plavba s varen\u00fdm v\u00ednom"}]},{"@type":"WebSite","@id":"https:\/\/silver-line.hu\/sk\/#website","url":"https:\/\/silver-line.hu\/sk\/","name":"Silverline Cruises kft.","description":"","publisher":{"@id":"https:\/\/silver-line.hu\/sk\/#organization"},"potentialAction":[{"@type":"SearchAction","target":{"@type":"EntryPoint","urlTemplate":"https:\/\/silver-line.hu\/sk\/?s={search_term_string}"},"query-input":{"@type":"PropertyValueSpecification","valueRequired":true,"valueName":"search_term_string"}}],"inLanguage":"sk-SK"},{"@type":"Organization","@id":"https:\/\/silver-line.hu\/sk\/#organization","name":"Silverline Cruises kft.","url":"https:\/\/silver-line.hu\/sk\/","logo":{"@type":"ImageObject","inLanguage":"sk-SK","@id":"https:\/\/silver-line.hu\/sk\/#\/schema\/logo\/image\/","url":"https:\/\/silver-line.hu\/wp-content\/uploads\/2022\/05\/cropped-cropped-icon-1.webp","contentUrl":"https:\/\/silver-line.hu\/wp-content\/uploads\/2022\/05\/cropped-cropped-icon-1.webp","width":512,"height":512,"caption":"Silverline Cruises kft."},"image":{"@id":"https:\/\/silver-line.hu\/sk\/#\/schema\/logo\/image\/"},"sameAs":["https:\/\/www.facebook.com\/budapestrivercruise"]}]}},"_links":{"self":[{"href":"https:\/\/silver-line.hu\/sk\/wp-json\/wp\/v2\/product\/1563533"}],"collection":[{"href":"https:\/\/silver-line.hu\/sk\/wp-json\/wp\/v2\/product"}],"about":[{"href":"https:\/\/silver-line.hu\/sk\/wp-json\/wp\/v2\/types\/product"}],"wp:featuredmedia":[{"embeddable":true,"href":"https:\/\/silver-line.hu\/sk\/wp-json\/wp\/v2\/media\/1648133"}],"wp:attachment":[{"href":"https:\/\/silver-line.hu\/sk\/wp-json\/wp\/v2\/media?parent=1563533"}],"wp:term":[{"taxonomy":"product_cat","embeddable":true,"href":"https:\/\/silver-line.hu\/sk\/wp-json\/wp\/v2\/product_cat?post=1563533"},{"taxonomy":"product_tag","embeddable":true,"href":"https:\/\/silver-line.hu\/sk\/wp-json\/wp\/v2\/product_tag?post=1563533"}],"curies":[{"name":"wp","href":"https:\/\/api.w.org\/{rel}","templated":true}]}}